{"id":40,"date":"2026-02-26T07:45:15","date_gmt":"2026-02-26T07:45:15","guid":{"rendered":"https:\/\/czakosport.hu\/?page_id=40"},"modified":"2026-03-16T07:20:09","modified_gmt":"2026-03-16T07:20:09","slug":"kezdolap","status":"publish","type":"page","link":"https:\/\/czakosport.hu\/","title":{"rendered":"Kezd\u0151lap"},"content":{"rendered":"\t\t<div data-elementor-type=\"wp-page\" data-elementor-id=\"40\" class=\"elementor elementor-40\" data-elementor-post-type=\"page\">\n\t\t\t\t<div class=\"elementor-element elementor-element-dc4a300 e-flex e-con-boxed e-con e-parent\" data-id=\"dc4a300\" data-element_type=\"container\" data-e-type=\"container\" data-settings=\"{&quot;background_background&quot;:&quot;classic&quot;}\">\n\t\t\t\t\t<div class=\"e-con-inner\">\n\t\t\t\t<div class=\"elementor-element elementor-element-c42a66d elementor-widget elementor-widget-heading\" data-id=\"c42a66d\" data-element_type=\"widget\" data-e-type=\"widget\" data-widget_type=\"heading.default\">\n\t\t\t\t\t<h1 class=\"elementor-heading-title elementor-size-default\">N\u00c1LUNK<br \/>\nA SPORT<br \/>\nIS BUDAI!<\/h1>\t\t\t\t<\/div>\n\t\t\t\t\t<\/div>\n\t\t\t\t<\/div>\n\t\t<div class=\"elementor-element elementor-element-01cebd8 e-flex e-con-boxed e-con e-parent\" data-id=\"01cebd8\" data-element_type=\"container\" data-e-type=\"container\" data-settings=\"{&quot;background_background&quot;:&quot;classic&quot;}\">\n\t\t\t\t\t<div class=\"e-con-inner\">\n\t\t\t\t<div class=\"elementor-element elementor-element-3a0bab3 elementor-widget elementor-widget-heading\" data-id=\"3a0bab3\" data-element_type=\"widget\" data-e-type=\"widget\" data-widget_type=\"heading.default\">\n\t\t\t\t\t<h2 class=\"elementor-heading-title elementor-size-default\">AKTU\u00c1LIS<\/h2>\t\t\t\t<\/div>\n\t\t\t\t<div class=\"elementor-element elementor-element-93e43c2 elementor-grid-1 elementor-grid-tablet-2 elementor-grid-mobile-1 elementor-widget elementor-widget-loop-grid\" data-id=\"93e43c2\" data-element_type=\"widget\" data-e-type=\"widget\" data-settings=\"{&quot;template_id&quot;:&quot;51&quot;,&quot;columns&quot;:1,&quot;pagination_type&quot;:&quot;load_more_infinite_scroll&quot;,&quot;_skin&quot;:&quot;post&quot;,&quot;columns_tablet&quot;:&quot;2&quot;,&quot;columns_mobile&quot;:&quot;1&quot;,&quot;edit_handle_selector&quot;:&quot;[data-elementor-type=\\&quot;loop-item\\&quot;]&quot;,&quot;load_more_spinner&quot;:{&quot;value&quot;:&quot;fas fa-spinner&quot;,&quot;library&quot;:&quot;fa-solid&quot;},&quot;row_gap&quot;:{&quot;unit&quot;:&quot;px&quot;,&quot;size&quot;:&quot;&quot;,&quot;sizes&quot;:[]},&quot;row_gap_tablet&quot;:{&quot;unit&quot;:&quot;px&quot;,&quot;size&quot;:&quot;&quot;,&quot;sizes&quot;:[]},&quot;row_gap_mobile&quot;:{&quot;unit&quot;:&quot;px&quot;,&quot;size&quot;:&quot;&quot;,&quot;sizes&quot;:[]}}\" data-widget_type=\"loop-grid.post\">\n\t\t\t\t<div class=\"elementor-widget-container\">\n\t\t\t\t\t\t\t<div class=\"elementor-loop-container elementor-grid\" role=\"list\">\n\t\t<style id=\"loop-51\">.elementor-51 .elementor-element.elementor-element-68fb0f4{--display:flex;--flex-direction:row;--container-widget-width:initial;--container-widget-height:100%;--container-widget-flex-grow:1;--container-widget-align-self:stretch;--flex-wrap-mobile:wrap;--gap:0px 0px;--row-gap:0px;--column-gap:0px;--border-radius:16px 16px 16px 16px;}.elementor-51 .elementor-element.elementor-element-68fb0f4:not(.elementor-motion-effects-element-type-background), .elementor-51 .elementor-element.elementor-element-68fb0f4 > .elementor-motion-effects-container > .elementor-motion-effects-layer{background-color:#EDEDED;}.elementor-51 .elementor-element.elementor-element-787b22c{--display:flex;--flex-direction:column;--container-widget-width:100%;--container-widget-height:initial;--container-widget-flex-grow:0;--container-widget-align-self:initial;--flex-wrap-mobile:wrap;--border-radius:8px 8px 8px 8px;}.elementor-51 .elementor-element.elementor-element-787b22c:not(.elementor-motion-effects-element-type-background), .elementor-51 .elementor-element.elementor-element-787b22c > .elementor-motion-effects-container > .elementor-motion-effects-layer{background-color:#FFFFFF;}.elementor-51 .elementor-element.elementor-element-787b22c.e-con{--flex-grow:0;--flex-shrink:0;}.elementor-widget-theme-post-featured-image .widget-image-caption{color:var( --e-global-color-text );font-family:var( --e-global-typography-text-font-family ), Sans-serif;font-weight:var( --e-global-typography-text-font-weight );}.elementor-51 .elementor-element.elementor-element-26fc2d1 img{border-radius:8px 8px 8px 8px;}.elementor-51 .elementor-element.elementor-element-a7c1413{--display:flex;--flex-direction:column;--container-widget-width:100%;--container-widget-height:initial;--container-widget-flex-grow:0;--container-widget-align-self:initial;--flex-wrap-mobile:wrap;--justify-content:flex-start;}.elementor-widget-theme-post-title .elementor-heading-title{font-family:var( --e-global-typography-primary-font-family ), Sans-serif;font-weight:var( --e-global-typography-primary-font-weight );color:var( --e-global-color-primary );}.elementor-51 .elementor-element.elementor-element-c5def09 .elementor-heading-title{font-family:\"Poppins\", Sans-serif;font-size:35px;font-weight:700;text-transform:uppercase;color:#000000;}.elementor-51 .elementor-element.elementor-element-c5def09{margin:30px 0px calc(var(--kit-widget-spacing, 0px) + 0px) 0px;}.elementor-widget-theme-post-content{color:var( --e-global-color-text );font-family:var( --e-global-typography-text-font-family ), Sans-serif;font-weight:var( --e-global-typography-text-font-weight );}.elementor-51 .elementor-element.elementor-element-f526b80{color:#000000;font-family:\"Poppins\", Sans-serif;font-size:20px;font-weight:500;}@media(min-width:768px){.elementor-51 .elementor-element.elementor-element-787b22c{--width:29.014%;}.elementor-51 .elementor-element.elementor-element-a7c1413{--width:70%;}}<\/style>\t\t<div data-elementor-type=\"loop-item\" data-elementor-id=\"51\" class=\"elementor elementor-51 e-loop-item e-loop-item-460 post-460 post type-post status-publish format-standard has-post-thumbnail hentry category-uncategorized\" data-elementor-post-type=\"elementor_library\" data-custom-edit-handle=\"1\">\n\t\t\t<div class=\"elementor-element elementor-element-68fb0f4 e-flex e-con-boxed e-con e-parent\" data-id=\"68fb0f4\" data-element_type=\"container\" data-e-type=\"container\" data-settings=\"{&quot;background_background&quot;:&quot;classic&quot;}\">\n\t\t\t\t\t<div class=\"e-con-inner\">\n\t\t<div class=\"elementor-element elementor-element-787b22c e-con-full e-flex e-con e-child\" data-id=\"787b22c\" data-element_type=\"container\" data-e-type=\"container\" data-settings=\"{&quot;background_background&quot;:&quot;classic&quot;}\">\n\t\t\t\t<div class=\"elementor-element elementor-element-26fc2d1 elementor-widget elementor-widget-theme-post-featured-image elementor-widget-image\" data-id=\"26fc2d1\" data-element_type=\"widget\" data-e-type=\"widget\" data-widget_type=\"theme-post-featured-image.default\">\n\t\t\t\t\t\t\t\t\t\t\t\t\t\t\t<img fetchpriority=\"high\" decoding=\"async\" width=\"800\" height=\"800\" src=\"https:\/\/czakosport.hu\/wp-content\/uploads\/2026\/04\/Czako-poszt2-2-1024x1024.jpg\" class=\"attachment-large size-large wp-image-461\" alt=\"\" srcset=\"https:\/\/czakosport.hu\/wp-content\/uploads\/2026\/04\/Czako-poszt2-2-1024x1024.jpg 1024w, https:\/\/czakosport.hu\/wp-content\/uploads\/2026\/04\/Czako-poszt2-2-300x300.jpg 300w, https:\/\/czakosport.hu\/wp-content\/uploads\/2026\/04\/Czako-poszt2-2-150x150.jpg 150w, https:\/\/czakosport.hu\/wp-content\/uploads\/2026\/04\/Czako-poszt2-2-768x768.jpg 768w, https:\/\/czakosport.hu\/wp-content\/uploads\/2026\/04\/Czako-poszt2-2.jpg 1080w\" sizes=\"(max-width: 800px) 100vw, 800px\" \/>\t\t\t\t\t\t\t\t\t\t\t\t\t\t\t<\/div>\n\t\t\t\t<\/div>\n\t\t<div class=\"elementor-element elementor-element-a7c1413 e-con-full e-flex e-con e-child\" data-id=\"a7c1413\" data-element_type=\"container\" data-e-type=\"container\">\n\t\t\t\t<div class=\"elementor-element elementor-element-c5def09 elementor-widget elementor-widget-theme-post-title elementor-page-title elementor-widget-heading\" data-id=\"c5def09\" data-element_type=\"widget\" data-e-type=\"widget\" data-widget_type=\"theme-post-title.default\">\n\t\t\t\t\t<h2 class=\"elementor-heading-title elementor-size-default\">\u00dcnnepi nyitvatart\u00e1s<\/h2>\t\t\t\t<\/div>\n\t\t\t\t<div class=\"elementor-element elementor-element-f526b80 elementor-widget elementor-widget-theme-post-content\" data-id=\"f526b80\" data-element_type=\"widget\" data-e-type=\"widget\" data-widget_type=\"theme-post-content.default\">\n\t\t\t\t\t\n<p><strong>Kedves Vend\u00e9geink!<\/strong><\/p>\n\n\n\n<p><strong>\u00dcnnepi nyitvatart\u00e1s:<\/strong><\/p>\n\n\n\n<p>\u00c1prilis 3.-\u00e1n, 5.-\u00e9n \u00e9s 6.-\u00e1n a sportk\u00f6zpont<br><strong>Z\u00c1RVA lesz.<\/strong><\/p>\n\n\n\n<p>\u00c1prilis 4.-\u00e9n v\u00e1runk sportolni mindenkit szeretettel.<\/p>\n\n\n\n<p><strong>Kellemes \u00dcnnepeket K\u00edv\u00e1nunk<\/strong><\/p>\n\t\t\t\t<\/div>\n\t\t\t\t<\/div>\n\t\t\t\t\t<\/div>\n\t\t\t\t<\/div>\n\t\t\t\t<\/div>\n\t\t\t\t<div data-elementor-type=\"loop-item\" data-elementor-id=\"51\" class=\"elementor elementor-51 e-loop-item e-loop-item-1 post-1 post type-post status-publish format-standard has-post-thumbnail hentry category-uncategorized\" data-elementor-post-type=\"elementor_library\" data-custom-edit-handle=\"1\">\n\t\t\t<div class=\"elementor-element elementor-element-68fb0f4 e-flex e-con-boxed e-con e-parent\" data-id=\"68fb0f4\" data-element_type=\"container\" data-e-type=\"container\" data-settings=\"{&quot;background_background&quot;:&quot;classic&quot;}\">\n\t\t\t\t\t<div class=\"e-con-inner\">\n\t\t<div class=\"elementor-element elementor-element-787b22c e-con-full e-flex e-con e-child\" data-id=\"787b22c\" data-element_type=\"container\" data-e-type=\"container\" data-settings=\"{&quot;background_background&quot;:&quot;classic&quot;}\">\n\t\t\t\t<div class=\"elementor-element elementor-element-26fc2d1 elementor-widget elementor-widget-theme-post-featured-image elementor-widget-image\" data-id=\"26fc2d1\" data-element_type=\"widget\" data-e-type=\"widget\" data-widget_type=\"theme-post-featured-image.default\">\n\t\t\t\t\t\t\t\t\t\t\t\t\t\t\t<img decoding=\"async\" width=\"800\" height=\"800\" src=\"https:\/\/czakosport.hu\/wp-content\/uploads\/2026\/02\/aktualis-1024x1024.png\" class=\"attachment-large size-large wp-image-454\" alt=\"\" srcset=\"https:\/\/czakosport.hu\/wp-content\/uploads\/2026\/02\/aktualis-1024x1024.png 1024w, https:\/\/czakosport.hu\/wp-content\/uploads\/2026\/02\/aktualis-300x300.png 300w, https:\/\/czakosport.hu\/wp-content\/uploads\/2026\/02\/aktualis-150x150.png 150w, https:\/\/czakosport.hu\/wp-content\/uploads\/2026\/02\/aktualis-768x768.png 768w, https:\/\/czakosport.hu\/wp-content\/uploads\/2026\/02\/aktualis.png 1080w\" sizes=\"(max-width: 800px) 100vw, 800px\" \/>\t\t\t\t\t\t\t\t\t\t\t\t\t\t\t<\/div>\n\t\t\t\t<\/div>\n\t\t<div class=\"elementor-element elementor-element-a7c1413 e-con-full e-flex e-con e-child\" data-id=\"a7c1413\" data-element_type=\"container\" data-e-type=\"container\">\n\t\t\t\t<div class=\"elementor-element elementor-element-c5def09 elementor-widget elementor-widget-theme-post-title elementor-page-title elementor-widget-heading\" data-id=\"c5def09\" data-element_type=\"widget\" data-e-type=\"widget\" data-widget_type=\"theme-post-title.default\">\n\t\t\t\t\t<h2 class=\"elementor-heading-title elementor-size-default\">EUR\u00d3PA-LIGET SPORTP\u00c1LYA<\/h2>\t\t\t\t<\/div>\n\t\t\t\t<div class=\"elementor-element elementor-element-f526b80 elementor-widget elementor-widget-theme-post-content\" data-id=\"f526b80\" data-element_type=\"widget\" data-e-type=\"widget\" data-widget_type=\"theme-post-content.default\">\n\t\t\t\t\t\n<p>T\u00e1j\u00e9koztatjuk a Lakoss\u00e1got, hogy az online p\u00e1lyafoglal\u00e1si rendszer <strong>2026. m\u00e1rcius 18-t\u00f3l<\/strong> v\u00e1lik el\u00e9rhet\u0151v\u00e9.<\/p>\n\n\n\n<p>A rendszer haszn\u00e1lat\u00e1val kapcsolatos tov\u00e1bbi inform\u00e1ci\u00f3:<\/p>\n\n\n\n<p><a href=\"mailto:sportkozpont@czakosport.hu\">sportkozpont@czakosport.hu<\/a> <\/p>\n\n\n\n<p>06 20 232 8111<\/p>\n\n\n\n<p>K\u00f6sz\u00f6nj\u00fck egy\u00fcttm\u0171k\u00f6d\u00e9s\u00fcket!<\/p>\n\n\n\n<p><\/p>\n\t\t\t\t<\/div>\n\t\t\t\t<\/div>\n\t\t\t\t\t<\/div>\n\t\t\t\t<\/div>\n\t\t\t\t<\/div>\n\t\t\t\t<\/div>\n\t\t\t\t\t<span class=\"e-load-more-spinner\">\n\t\t\t\t<svg aria-hidden=\"true\" class=\"e-font-icon-svg e-fas-spinner\" viewBox=\"0 0 512 512\" xmlns=\"http:\/\/www.w3.org\/2000\/svg\"><path d=\"M304 48c0 26.51-21.49 48-48 48s-48-21.49-48-48 21.49-48 48-48 48 21.49 48 48zm-48 368c-26.51 0-48 21.49-48 48s21.49 48 48 48 48-21.49 48-48-21.49-48-48-48zm208-208c-26.51 0-48 21.49-48 48s21.49 48 48 48 48-21.49 48-48-21.49-48-48-48zM96 256c0-26.51-21.49-48-48-48S0 229.49 0 256s21.49 48 48 48 48-21.49 48-48zm12.922 99.078c-26.51 0-48 21.49-48 48s21.49 48 48 48 48-21.49 48-48c0-26.509-21.491-48-48-48zm294.156 0c-26.51 0-48 21.49-48 48s21.49 48 48 48 48-21.49 48-48c0-26.509-21.49-48-48-48zM108.922 60.922c-26.51 0-48 21.49-48 48s21.49 48 48 48 48-21.49 48-48-21.491-48-48-48z\"><\/path><\/svg>\t\t\t<\/span>\n\t\t\n\t\t\t\t\t\t<\/div>\n\t\t\t\t<\/div>\n\t\t\t\t\t<\/div>\n\t\t\t\t<\/div>\n\t\t\t\t<\/div>\n\t\t","protected":false},"excerpt":{"rendered":"<p>N\u00c1LUNK A SPORT IS BUDAI! AKTU\u00c1LIS<\/p>\n","protected":false},"author":1,"featured_media":0,"parent":0,"menu_order":0,"comment_status":"closed","ping_status":"closed","template":"elementor_header_footer","meta":{"footnotes":""},"class_list":["post-40","page","type-page","status-publish","hentry"],"_links":{"self":[{"href":"https:\/\/czakosport.hu\/index.php?rest_route=\/wp\/v2\/pages\/40","targetHints":{"allow":["GET"]}}],"collection":[{"href":"https:\/\/czakosport.hu\/index.php?rest_route=\/wp\/v2\/pages"}],"about":[{"href":"https:\/\/czakosport.hu\/index.php?rest_route=\/wp\/v2\/types\/page"}],"author":[{"embeddable":true,"href":"https:\/\/czakosport.hu\/index.php?rest_route=\/wp\/v2\/users\/1"}],"replies":[{"embeddable":true,"href":"https:\/\/czakosport.hu\/index.php?rest_route=%2Fwp%2Fv2%2Fcomments&post=40"}],"version-history":[{"count":49,"href":"https:\/\/czakosport.hu\/index.php?rest_route=\/wp\/v2\/pages\/40\/revisions"}],"predecessor-version":[{"id":365,"href":"https:\/\/czakosport.hu\/index.php?rest_route=\/wp\/v2\/pages\/40\/revisions\/365"}],"wp:attachment":[{"href":"https:\/\/czakosport.hu\/index.php?rest_route=%2Fwp%2Fv2%2Fmedia&parent=40"}],"curies":[{"name":"wp","href":"https:\/\/api.w.org\/{rel}","templated":true}]}}