{"id":120,"date":"2026-02-26T08:33:21","date_gmt":"2026-02-26T08:33:21","guid":{"rendered":"https:\/\/czakosport.hu\/?page_id=120"},"modified":"2026-03-16T07:39:47","modified_gmt":"2026-03-16T07:39:47","slug":"adatvedelmi-nyilatkozat","status":"publish","type":"page","link":"https:\/\/czakosport.hu\/?page_id=120","title":{"rendered":"Adatv\u00e9delmi nyilatkozat"},"content":{"rendered":"\t\t<div data-elementor-type=\"wp-page\" data-elementor-id=\"120\" class=\"elementor elementor-120\" data-elementor-post-type=\"page\">\n\t\t\t\t<div class=\"elementor-element elementor-element-320a878 e-flex e-con-boxed e-con e-parent\" data-id=\"320a878\" data-element_type=\"container\" data-e-type=\"container\" data-settings=\"{&quot;background_background&quot;:&quot;classic&quot;}\">\n\t\t\t\t\t<div class=\"e-con-inner\">\n\t\t\t\t\t<\/div>\n\t\t\t\t<\/div>\n\t\t<div class=\"elementor-element elementor-element-52431dc e-flex e-con-boxed e-con e-parent\" data-id=\"52431dc\" data-element_type=\"container\" data-e-type=\"container\">\n\t\t\t\t\t<div class=\"e-con-inner\">\n\t\t\t\t<div class=\"elementor-element elementor-element-815ede2 elementor-widget elementor-widget-text-editor\" data-id=\"815ede2\" data-element_type=\"widget\" data-e-type=\"widget\" data-widget_type=\"text-editor.default\">\n\t\t\t\t\t\t\t\t\t<h5><strong>ADATV\u00c9DELMI T\u00c1J\u00c9KOZTAT\u00d3 \u00c9S FOLYAMATLE\u00cdR\u00c1S H\u00cdRLEV\u00c9L, ONLINE JEGY\u00c9RT\u00c9KES\u00cdT\u00c9S \u00c9S REGISZTR\u00c1CI\u00d3S FEL\u00dcLET K\u00dcLD\u00c9SHEZ KAPCSOL\u00d3D\u00d3 ADATKEZEL\u00c9SR\u0150L.<\/strong><\/h5><p>A Budav\u00e1ri K\u00f6z\u00f6ss\u00e9gi Nonprofit Kft. (a tov\u00e1bbiakban: Adatkezel\u0151) az Eur\u00f3pai Parlament \u00e9s a Tan\u00e1cs (EU) 2016\/679 rendelete (2016. \u00e1prilis 27.) a term\u00e9szetes szem\u00e9lyeknek a szem\u00e9lyes adatok kezel\u00e9se tekintet\u00e9ben t\u00f6rt\u00e9n\u0151 v\u00e9delm\u00e9r\u0151l \u00e9s az ilyen adatok szabad \u00e1raml\u00e1s\u00e1r\u00f3l, valamint a 95\/46\/EK ir\u00e1nyelv hat\u00e1lyon k\u00edv\u00fcl helyez\u00e9s\u00e9r\u0151l (\u00e1ltal\u00e1nos adatv\u00e9delmi rendelet, a tov\u00e1bbiakban GDPR) el\u0151\u00edr\u00e1sai szerint ez\u00faton t\u00e1j\u00e9koztatja, jelen t\u00e1j\u00e9koztat\u00f3val \u00e9s folyamatle\u00edr\u00e1ssal az \u00d6n szem\u00e9lyes adatai kezel\u00e9s\u00e9vel kapcsolatos minden t\u00e9nyr\u0151l. A folyamatban val\u00f3 r\u00e9szv\u00e9tellel \u00d6n, mint \u00e9rintett a jelen folyamatle\u00edr\u00e1s szerint v\u00e1lik az adatkezel\u00e9s \u00e9rintettj\u00e9v\u00e9.<\/p><p><strong>AZ ADATKEZEL\u0150 PONTOS MEGNEVEZ\u00c9SE, EL\u00c9RHET\u0150S\u00c9GEI:<\/strong><\/p><ul><li>n\u00e9v: Budav\u00e1ri K\u00f6z\u00f6ss\u00e9gi Nonprofit Kft.<\/li><li>r\u00f6vid n\u00e9v:\u00a0Czak\u00f3 Utcai Sport-\u00e9s Szabadid\u0151k\u00f6zpont\/Eur\u00f3pa Liget Sportp\u00e1lya<\/li><li>sz\u00e9khely: 1013 Budapest Krisztina t\u00e9r 1.<\/li><li>k\u00e9pvisel\u0151: Kardos Istv\u00e1n Norbert \u00fcgyvezet\u0151<\/li><li>k\u00f6zponti e-mail c\u00edm:\u00a0<a href=\"mailto:sportkozpont@czakosport.hu\">sportkozpont@czakosport.hu<\/a><\/li><li>k\u00f6zponti honlap:\u00a0<a href=\"http:\/\/www.czakosport.hu\">www.czakosport.hu<\/a><\/li><\/ul><ul><li>n\u00e9v: Budapest F\u0151v\u00e1ros I. ker\u00fclet Budav\u00e1ri Polg\u00e1rmesteri Hivatal<\/li><li>sz\u00e9khely: 1014 Budapest, Kapisztr\u00e1n t\u00e9r 1.<\/li><li>postac\u00edm: 1276 Budapest, Pf. 1198<\/li><li>e-mail:\u00a0<a href=\"mailto:hivatal@budavar.hu\">hivatal@budavar.hu<\/a>\u00a0\u00e9s\u00a0<a href=\"mailto:jegyzo@budavar.hu\">jegyzo@budavar.hu<\/a><\/li><li>telefonsz\u00e1m:\u00a0<a href=\"tel:+3614583000\">+36 (1) 458-3000<\/a><\/li><\/ul><p><strong><br \/>AZ ADATKEZEL\u00c9S C\u00c9LJA:<\/strong><\/p><p>A feliratkoz\u00f3k r\u00e9sz\u00e9re h\u00edrlev\u00e9l k\u00fcld\u00e9se, azaz rekl\u00e1mot, t\u00e1j\u00e9koztat\u00f3t tartalmaz\u00f3 elektronikus \u00fczenet k\u00fcld\u00e9se az \u00e9rintett r\u00e9sz\u00e9re az Adatkezel\u0151 \u00e9rt\u00e9kes\u00edt\u00e9si tev\u00e9kenys\u00e9g\u00e9hez kapcsol\u00f3d\u00f3 k\u00f6rben.<\/p><p><strong>AZ ADATKEZEL\u00c9S JOGALAPJA:<\/strong><\/p><p>Az adatkezel\u00e9s jogalapja a GDPR 6. cikk (1) bekezd\u00e9s a) pontja, mely szerint az \u00e9rintett hozz\u00e1j\u00e1rul\u00e1s\u00e1t adta szem\u00e9lyes adatainak egy vagy t\u00f6bb konkr\u00e9t c\u00e9lb\u00f3l t\u00f6rt\u00e9n\u0151 kezel\u00e9s\u00e9hez.<\/p><p><strong>KEZELT ADATOK K\u00d6RE:<\/strong><\/p><p>Az \u00e9rintett neve, e-mail c\u00edme, ir\u00e1ny\u00edt\u00f3sz\u00e1ma<\/p><p><strong>AZ ADATKEZEL\u00c9S SOR\u00c1N AZ ADAT AZ AL\u00c1BBI HARMADIK SZEM\u00c9LYEK R\u00c9SZ\u00c9RE, A MEGJEL\u00d6LT JOGALAPPAL KER\u00dcL TOV\u00c1BB\u00cdT\u00c1SRA:<\/strong><\/p><p>Az\u00a0<strong>Adatkezel\u0151<\/strong>\u00a0az adatokat harmadik f\u00e9l r\u00e9sz\u00e9re nem tov\u00e1bb\u00edtja, \u00e1m felh\u00edvja az \u00e9rintettek figyelm\u00e9t, hogy szem\u00e9lyes adatok b\u00edr\u00f3s\u00e1g \u00e9s hat\u00f3s\u00e1g r\u00e9sz\u00e9re t\u00f6rt\u00e9n\u0151 kiad\u00e1s\u00e1t el\u0151\u00edrhatja jogszab\u00e1ly. Amennyiben b\u00edr\u00f3s\u00e1g vagy hat\u00f3s\u00e1g jogszab\u00e1lyban r\u00f6gz\u00edtett elj\u00e1r\u00e1sa sor\u00e1n szem\u00e9lyes adatok \u00e1tad\u00e1s\u00e1ra k\u00f6telezi\u00a0<strong>Adatkezel\u0151t<\/strong>, \u00fagy\u00a0<strong>Adatkezel\u0151<\/strong>, jogszab\u00e1lyi k\u00f6telezetts\u00e9g\u00e9t teljes\u00edtve, k\u00f6teles a k\u00e9rt adatokat az elj\u00e1r\u00f3 b\u00edr\u00f3s\u00e1g vagy hat\u00f3s\u00e1g rendelkez\u00e9s\u00e9re bocs\u00e1jtani.<\/p><p><strong>A SZEM\u00c9LYES ADATOK T\u00c1ROL\u00c1S\u00c1NAK ID\u0150TARTAMA:<\/strong><\/p><p>A h\u00edrlev\u00e9l szolg\u00e1ltat\u00e1s \u00fczemeltet\u00e9s\u00e9nek v\u00e9g\u00e9ig. Amennyiben az \u00e9rintett k\u00e9ri, az \u00e9rintett leiratkoz\u00e1si nyilatkozat\u00e1t \u2013 hozz\u00e1j\u00e1rul\u00e1s visszavon\u00e1sa \u2013 k\u00f6vet\u0151en indokolatlan k\u00e9sedelem n\u00e9lk\u00fcl, de legfeljebb a k\u00e9relem be\u00e9rkez\u00e9s\u00e9t k\u00f6vet\u0151 10 napon bel\u00fcl t\u00f6rli az\u00a0<strong>Adatkezel\u0151<\/strong>\u00a0a szem\u00e9lyes adatokat.<\/p><p><strong>AUTOMATIZ\u00c1LT D\u00d6NT\u00c9SHOZATAL T\u00c9NYE:<\/strong><\/p><p>Az adatkezel\u00e9s sor\u00e1n automatiz\u00e1lt d\u00f6nt\u00e9shozatal nem zajlik.<\/p><p><strong>AZ ADATKEZEL\u00c9S FOLYAMAT\u00c1NAK LE\u00cdR\u00c1SA:<\/strong><\/p><p>Az Adatkezel\u0151 h\u00edrlevelek \u00fatj\u00e1n t\u00e1j\u00e9koztatja a Budav\u00e1ri K\u00f6z\u00f6ss\u00e9gi Nonprofit Kft. \u00e1ltal \u00e9s a telephelyein fut\u00f3 m\u00e1sok \u00e1ltal szervezett programokr\u00f3l, az azzal kapcsolatos h\u00edrekr\u0151l a feliratkoz\u00f3t. Amennyiben a felhaszn\u00e1l\u00f3 feliratkozik a h\u00edrlev\u00e9lre, a Budav\u00e1ri K\u00f6z\u00f6ss\u00e9gi Nonprofit Kft. saj\u00e1t d\u00f6nt\u00e9se szerinti gyakoris\u00e1ggal h\u00edrlevelet k\u00fcldhet r\u00e9sz\u00e9re. A h\u00edrlevelet az Adatkezel\u0151 kiz\u00e1r\u00f3lag azokra az e-mail c\u00edmekre k\u00fcldi meg rendszeres id\u0151k\u00f6z\u00f6nk\u00e9nt, akik feliratkoztak a h\u00edrlev\u00e9l k\u00fcld\u00e9si szolg\u00e1ltat\u00e1s\u00e1ra.<\/p><p>Az adatb\u00e1zisba az \u00e9rintett h\u00edrlev\u00e9lre feliratkoz\u00f3 e-mail c\u00edme csak az \u00e9rintett hozz\u00e1j\u00e1rul\u00e1s\u00e1val ker\u00fclhet be.<\/p><p>T\u00e1j\u00e9koztatjuk, hogy az e-mail c\u00edmen \u00e9s nev\u00e9n k\u00edv\u00fcl semmilyen m\u00e1s szem\u00e9lyes adat\u00e1t ezen c\u00e9lb\u00f3l nem kezelj\u00fck.<\/p><p>A h\u00edrlev\u00e9lr\u0151l az \u00e9rintett e-mail c\u00edm haszn\u00e1l\u00f3ja b\u00e1rmikor, ingyenesen, k\u00f6zvetlen\u00fcl leiratkozhat.<\/p><p>Amennyiben vissza k\u00edv\u00e1nja vonni az\u00a0<strong>Adatkezel\u0151<\/strong>\u00a0r\u00e9sz\u00e9re, a h\u00edrlev\u00e9l k\u00fcld\u00e9s\u00e9hez adott hozz\u00e1j\u00e1rul\u00e1s\u00e1t (azaz le k\u00edv\u00e1n iratkozni a h\u00edrlev\u00e9lr\u0151l, visszavonja hozz\u00e1j\u00e1rul\u00e1s\u00e1t), \u00fagy ezt a kik\u00fcld\u00f6tt h\u00edrlev\u00e9l alj\u00e1n tal\u00e1lhat\u00f3\u00a0<strong>Leiratkoz\u00e1s<\/strong>\u00a0linkre kattintva teheti meg, vagy az info@maraikult.hu c\u00edmre k\u00fcld\u00f6tt elektronikus lev\u00e9lben teheti meg.<\/p><p>Az\u00a0<strong>Adatkezel\u0151<\/strong>\u00a0ez esetben, a tov\u00e1bbiakban h\u00edrlevelet nem k\u00fcld. Az\u00a0<strong>Adatkezel\u0151<\/strong>\u00a0felh\u00edvja figyelm\u00e9t arra a t\u00e9nyre, hogy a hozz\u00e1j\u00e1rul\u00e1s visszavon\u00e1sa nem \u00e9rinti a hozz\u00e1j\u00e1rul\u00e1son alapul\u00f3, a visszavon\u00e1s el\u0151tti adatkezel\u00e9s jogszer\u0171s\u00e9g\u00e9t.<\/p><p><strong>AZ \u00c9RINTETTI JOGGYAKORL\u00c1SRA VONATKOZ\u00d3 SZAB\u00c1LYOK:<\/strong><\/p><p>Az\u00a0<strong>Adatkezel\u0151<\/strong>\u00a0t\u00e1j\u00e9koztatja, hogy a GDPR alapj\u00e1n \u00d6n, szem\u00e9lyazonoss\u00e1g\u00e1nak igazol\u00e1s\u00e1t k\u00f6vet\u0151en az al\u00e1bbi jog\u00e9rv\u00e9nyes\u00edt\u00e9si lehet\u0151s\u00e9gekkel \u00e9lhet jelen adatkezel\u00e9ssel kapcsolatban:<\/p><ul><li>\u2013 k\u00e9rheti t\u00e1j\u00e9koztat\u00e1s\u00e1t szem\u00e9lyes adatai kezel\u00e9s\u00e9r\u0151l,<\/li><li>\u2013 k\u00e9rheti szem\u00e9lyes adatainak helyesb\u00edt\u00e9s\u00e9t,<\/li><li>\u2013 k\u00e9rheti szem\u00e9lyes adatai t\u00f6rl\u00e9s\u00e9t, ha azok kezel\u00e9se v\u00e9lem\u00e9nye szerint jogellenes vagy az azokkal el\u00e9rend\u0151 c\u00e9lb\u00f3l az Adatkezel\u0151nek m\u00e1r nincs r\u00e1 sz\u00fcks\u00e9ge<\/li><li>\u2013 k\u00e9rheti szem\u00e9lyes adatai kezel\u00e9s\u00e9nek korl\u00e1toz\u00e1s\u00e1t,<\/li><li>\u2013 \u00e9lhet adathordozhat\u00f3s\u00e1ghoz val\u00f3 jog\u00e1val amennyiben az adatkezel\u00e9s automatiz\u00e1lt m\u00f3don t\u00f6rt\u00e9nik,<\/li><li>\u2013 jogorvoslattal \u00e9lhet.<\/li><\/ul><p>Az\u00a0<strong>Adatkezel\u0151<\/strong>\u00a0gondoskodik az adatok biztons\u00e1g\u00e1r\u00f3l, megteszi tov\u00e1bb\u00e1 mindazon technikai \u00e9s szervez\u00e9si int\u00e9zked\u00e9seket, amelyek a GDPR \u00e9s az egy\u00e9b adat-, \u00e9s titokv\u00e9delmi szab\u00e1lyok \u00e9rv\u00e9nyre juttat\u00e1s\u00e1hoz sz\u00fcks\u00e9gesek. Az adatokat v\u00e9di a jogosulatlan hozz\u00e1f\u00e9r\u00e9s, megv\u00e1ltoztat\u00e1s, tov\u00e1bb\u00edt\u00e1s, nyilv\u00e1noss\u00e1gra hozatal, t\u00f6rl\u00e9s vagy megsemmis\u00edt\u00e9s, valamint a v\u00e9letlen megsemmis\u00fcl\u00e9s \u00e9s s\u00e9r\u00fcl\u00e9s ellen.<\/p><p>Az\u00a0<strong>Adatkezel\u0151<\/strong>\u00a0t\u00f6rekszik arra, hogy az \u00d6nnek adott t\u00e1j\u00e9koztat\u00e1s minden esetben a GDPR \u00e1ltal meghat\u00e1rozott szab\u00e1lyok teljes\u00edt\u00e9se mellett is a lehet\u0151s\u00e9gekhez m\u00e9rten t\u00f6m\u00f6r, \u00e1tl\u00e1that\u00f3, \u00e9rthet\u0151, k\u00f6nnyen hozz\u00e1f\u00e9rhet\u0151, vil\u00e1gos \u00e9s k\u00f6z\u00e9rthet\u0151 legyen.<\/p><p>K\u00e9relm\u00e9t els\u0151sorban \u00edr\u00e1sban terjesztheti be az\u00a0<strong>Adatkezel\u0151nek<\/strong>\u00a0c\u00edmzett, jelen t\u00e1j\u00e9koztat\u00f3ban felt\u00fcntetett el\u00e9rhet\u0151s\u00e9g\u00e9n. Amennyiben \u00d6n azonban sz\u00f3beli t\u00e1j\u00e9koztat\u00e1st k\u00e9r, \u00fagy szem\u00e9lyazonoss\u00e1ga igazol\u00e1s\u00e1t k\u00f6vet\u0151en az\u00a0<strong>Adatkezel\u0151nek<\/strong>\u00a0erre felhatalmazott munkat\u00e1rsa a t\u00e1j\u00e9koztat\u00e1st sz\u00f3ban is megadhatja, ha a t\u00e1j\u00e9koztat\u00e1shoz sz\u00fcks\u00e9ges adatok r\u00e9sz\u00e9re rendelkez\u00e9s\u00e9re \u00e1llnak. Minden m\u00e1s esetben az ig\u00e9nyt munkat\u00e1rsunk r\u00f6gz\u00edti \u00e9s a k\u00e9relem be\u00e9rkez\u00e9s\u00e9t\u0151l sz\u00e1m\u00edtott legk\u00e9s\u0151bb egy h\u00f3napon bel\u00fcl t\u00e1j\u00e9koztatjuk \u00d6nt k\u00e9relm\u00e9vel kapcsolatosan. Ezt a hat\u00e1rid\u0151t maximum tov\u00e1bbi k\u00e9t h\u00f3nappal hosszabb\u00edthatjuk meg, ha a k\u00e9relem \u00f6sszetetts\u00e9ge vagy az aktu\u00e1lisan kezelt k\u00e9relmek sz\u00e1ma ezt indokolja, ellenben err\u0151l a k\u00e9relem k\u00e9zhezv\u00e9tel\u00e9t\u0151l sz\u00e1m\u00edtott egy h\u00f3napon bel\u00fcl, elektronikus \u00faton t\u00e1j\u00e9koztatjuk.<\/p><p>Amennyiben nem int\u00e9zked\u00fcnk a k\u00e9relm\u00e9re vagy az int\u00e9zked\u00e9s\u00fcnket nem fogadja el, \u00fagy jogorvoslattal \u00e9lhet. Adatkezel\u00e9si elj\u00e1r\u00e1sunkkal kapcsolatos panasszal \u00d6n fordulhat a Nemzeti Adatv\u00e9delmi \u00e9s Inform\u00e1ci\u00f3szabads\u00e1g Hat\u00f3s\u00e1ghoz vagy lak\u00f3helye, vagy tart\u00f3zkod\u00e1si helye szerinti t\u00f6rv\u00e9nysz\u00e9khez. Felh\u00edvjuk azonban a figyelm\u00e9t, hogy a Nemzeti Adatv\u00e9delmi \u00e9s Inform\u00e1ci\u00f3szabads\u00e1g Hat\u00f3s\u00e1g gyakorlata alapj\u00e1n panasz\u00e1t akkor fogadja be a Hat\u00f3s\u00e1g, hogy ha el\u0151bb az adatkezel\u0151h\u00f6z, eset\u00fcnkben teh\u00e1t hozz\u00e1nk fordult, de nem int\u00e9zkedt\u00fcnk a k\u00e9relm\u00e9re vagy az int\u00e9zked\u00e9s\u00fcnket nem fogadta el. Javasoljuk ez\u00e9rt, hogy el\u0151sz\u00f6r\u00a0<strong>T\u00e1rsas\u00e1gunkkal<\/strong>\u00a0vegye fel a kapcsolatot!<\/p><p>Az Adatkezel\u00e9si t\u00e1j\u00e9koztat\u00f3 megismertem, elfogadtam, az adatkezel\u00e9shez a t\u00e1j\u00e9koztat\u00f3ban szerepl\u0151 le\u00edr\u00e1s szerint hozz\u00e1j\u00e1rul\u00e1somat adom.<\/p>\t\t\t\t\t\t\t\t<\/div>\n\t\t\t\t\t<\/div>\n\t\t\t\t<\/div>\n\t\t\t\t<\/div>\n\t\t","protected":false},"excerpt":{"rendered":"<p>ADATV\u00c9DELMI T\u00c1J\u00c9KOZTAT\u00d3 \u00c9S FOLYAMATLE\u00cdR\u00c1S H\u00cdRLEV\u00c9L, ONLINE JEGY\u00c9RT\u00c9KES\u00cdT\u00c9S \u00c9S REGISZTR\u00c1CI\u00d3S FEL\u00dcLET K\u00dcLD\u00c9SHEZ KAPCSOL\u00d3D\u00d3 ADATKEZEL\u00c9SR\u0150L. A Budav\u00e1ri K\u00f6z\u00f6ss\u00e9gi Nonprofit Kft. (a tov\u00e1bbiakban: Adatkezel\u0151) az Eur\u00f3pai Parlament \u00e9s a Tan\u00e1cs (EU) 2016\/679 rendelete (2016. \u00e1prilis 27.) a term\u00e9szetes szem\u00e9lyeknek a szem\u00e9lyes adatok kezel\u00e9se tekintet\u00e9ben t\u00f6rt\u00e9n\u0151 v\u00e9delm\u00e9r\u0151l \u00e9s az ilyen adatok szabad \u00e1raml\u00e1s\u00e1r\u00f3l, valamint a 95\/46\/EK ir\u00e1nyelv hat\u00e1lyon k\u00edv\u00fcl [&hellip;]<\/p>\n","protected":false},"author":1,"featured_media":0,"parent":0,"menu_order":0,"comment_status":"closed","ping_status":"closed","template":"elementor_header_footer","meta":{"footnotes":""},"class_list":["post-120","page","type-page","status-publish","hentry"],"_links":{"self":[{"href":"https:\/\/czakosport.hu\/index.php?rest_route=\/wp\/v2\/pages\/120","targetHints":{"allow":["GET"]}}],"collection":[{"href":"https:\/\/czakosport.hu\/index.php?rest_route=\/wp\/v2\/pages"}],"about":[{"href":"https:\/\/czakosport.hu\/index.php?rest_route=\/wp\/v2\/types\/page"}],"author":[{"embeddable":true,"href":"https:\/\/czakosport.hu\/index.php?rest_route=\/wp\/v2\/users\/1"}],"replies":[{"embeddable":true,"href":"https:\/\/czakosport.hu\/index.php?rest_route=%2Fwp%2Fv2%2Fcomments&post=120"}],"version-history":[{"count":16,"href":"https:\/\/czakosport.hu\/index.php?rest_route=\/wp\/v2\/pages\/120\/revisions"}],"predecessor-version":[{"id":421,"href":"https:\/\/czakosport.hu\/index.php?rest_route=\/wp\/v2\/pages\/120\/revisions\/421"}],"wp:attachment":[{"href":"https:\/\/czakosport.hu\/index.php?rest_route=%2Fwp%2Fv2%2Fmedia&parent=120"}],"curies":[{"name":"wp","href":"https:\/\/api.w.org\/{rel}","templated":true}]}}