{"id":118,"date":"2026-02-26T08:33:02","date_gmt":"2026-02-26T08:33:02","guid":{"rendered":"https:\/\/czakosport.hu\/?page_id=118"},"modified":"2026-03-16T07:38:13","modified_gmt":"2026-03-16T07:38:13","slug":"cegadatok","status":"publish","type":"page","link":"https:\/\/czakosport.hu\/?page_id=118","title":{"rendered":"C\u00e9gadatok"},"content":{"rendered":"\t\t<div data-elementor-type=\"wp-page\" data-elementor-id=\"118\" class=\"elementor elementor-118\" data-elementor-post-type=\"page\">\n\t\t\t\t<div class=\"elementor-element elementor-element-3efe9a6 e-flex e-con-boxed e-con e-parent\" data-id=\"3efe9a6\" data-element_type=\"container\" data-e-type=\"container\" data-settings=\"{&quot;background_background&quot;:&quot;classic&quot;}\">\n\t\t\t\t\t<div class=\"e-con-inner\">\n\t\t\t\t\t<\/div>\n\t\t\t\t<\/div>\n\t\t<div class=\"elementor-element elementor-element-1646170 e-flex e-con-boxed e-con e-parent\" data-id=\"1646170\" data-element_type=\"container\" data-e-type=\"container\">\n\t\t\t\t\t<div class=\"e-con-inner\">\n\t\t\t\t<div class=\"elementor-element elementor-element-0704dbf elementor-widget elementor-widget-text-editor\" data-id=\"0704dbf\" data-element_type=\"widget\" data-e-type=\"widget\" data-widget_type=\"text-editor.default\">\n\t\t\t\t\t\t\t\t\t<p class=\"list-title__p\"><strong>N\u00e9v: <\/strong><\/p><p class=\"list-title__p\">Budav\u00e1ri K\u00f6z\u00f6ss\u00e9gi Nonprofit Kft.<\/p><p>\u00a0<\/p><p class=\"list-title__p\"><strong>Sz\u00e9khelye:<\/strong><br \/>1013 Budapest, Krisztina t\u00e9r 1.<\/p><p>\u00a0<\/p><p class=\"list-title__p\"><strong>C\u00e9g nyilv\u00e1ntart\u00e1si sz\u00e1ma:<\/strong><br \/>01-09-389131<\/p><p>\u00a0<\/p><p class=\"list-title__p\"><strong>Ad\u00f3sz\u00e1m<\/strong>:<br \/>27414169-2-41<\/p>\t\t\t\t\t\t\t\t<\/div>\n\t\t\t\t\t<\/div>\n\t\t\t\t<\/div>\n\t\t\t\t<\/div>\n\t\t","protected":false},"excerpt":{"rendered":"<p>N\u00e9v: Budav\u00e1ri K\u00f6z\u00f6ss\u00e9gi Nonprofit Kft. \u00a0 Sz\u00e9khelye:1013 Budapest, Krisztina t\u00e9r 1. \u00a0 C\u00e9g nyilv\u00e1ntart\u00e1si sz\u00e1ma:01-09-389131 \u00a0 Ad\u00f3sz\u00e1m:27414169-2-41<\/p>\n","protected":false},"author":1,"featured_media":0,"parent":0,"menu_order":0,"comment_status":"closed","ping_status":"closed","template":"elementor_header_footer","meta":{"footnotes":""},"class_list":["post-118","page","type-page","status-publish","hentry"],"_links":{"self":[{"href":"https:\/\/czakosport.hu\/index.php?rest_route=\/wp\/v2\/pages\/118","targetHints":{"allow":["GET"]}}],"collection":[{"href":"https:\/\/czakosport.hu\/index.php?rest_route=\/wp\/v2\/pages"}],"about":[{"href":"https:\/\/czakosport.hu\/index.php?rest_route=\/wp\/v2\/types\/page"}],"author":[{"embeddable":true,"href":"https:\/\/czakosport.hu\/index.php?rest_route=\/wp\/v2\/users\/1"}],"replies":[{"embeddable":true,"href":"https:\/\/czakosport.hu\/index.php?rest_route=%2Fwp%2Fv2%2Fcomments&post=118"}],"version-history":[{"count":13,"href":"https:\/\/czakosport.hu\/index.php?rest_route=\/wp\/v2\/pages\/118\/revisions"}],"predecessor-version":[{"id":412,"href":"https:\/\/czakosport.hu\/index.php?rest_route=\/wp\/v2\/pages\/118\/revisions\/412"}],"wp:attachment":[{"href":"https:\/\/czakosport.hu\/index.php?rest_route=%2Fwp%2Fv2%2Fmedia&parent=118"}],"curies":[{"name":"wp","href":"https:\/\/api.w.org\/{rel}","templated":true}]}}