{"id":116,"date":"2026-02-26T08:32:51","date_gmt":"2026-02-26T08:32:51","guid":{"rendered":"https:\/\/czakosport.hu\/?page_id=116"},"modified":"2026-03-18T08:50:39","modified_gmt":"2026-03-18T08:50:39","slug":"impresszum","status":"publish","type":"page","link":"https:\/\/czakosport.hu\/?page_id=116","title":{"rendered":"Impresszum"},"content":{"rendered":"\t\t<div data-elementor-type=\"wp-page\" data-elementor-id=\"116\" class=\"elementor elementor-116\" data-elementor-post-type=\"page\">\n\t\t\t\t<div class=\"elementor-element elementor-element-abdee5a e-flex e-con-boxed e-con e-parent\" data-id=\"abdee5a\" data-element_type=\"container\" data-e-type=\"container\" data-settings=\"{&quot;background_background&quot;:&quot;classic&quot;}\">\n\t\t\t\t\t<div class=\"e-con-inner\">\n\t\t\t\t\t<\/div>\n\t\t\t\t<\/div>\n\t\t<div class=\"elementor-element elementor-element-448704e e-flex e-con-boxed e-con e-parent\" data-id=\"448704e\" data-element_type=\"container\" data-e-type=\"container\">\n\t\t\t\t\t<div class=\"e-con-inner\">\n\t\t\t\t<div class=\"elementor-element elementor-element-0405431 elementor-widget elementor-widget-text-editor\" data-id=\"0405431\" data-element_type=\"widget\" data-e-type=\"widget\" data-widget_type=\"text-editor.default\">\n\t\t\t\t\t\t\t\t\t<p><strong>A www.czakosport.hu a Czak\u00f3 Utcai Sport-\u00e9s Szabadid\u0151k\u00f6zpont hivatalos honalapja.<\/strong><\/p><p><strong>A Szolg\u00e1ltat\u00f3: <\/strong><\/p><p><strong>N\u00e9v:<\/strong> Budav\u00e1ri K\u00f6z\u00f6ss\u00e9gi Nonprofit Kft.<\/p><p><strong>Sz\u00e9khelye:<\/strong> 1013 Budapest, Krisztina t\u00e9r 1.<\/p><p><strong>A F\u0151v\u00e1rosi T\u00f6rv\u00e9nysz\u00e9k C\u00e9gb\u00edr\u00f3s\u00e1ga \u00e1ltal vezetett nyilv\u00e1ntart\u00e1si sz\u00e1ma:<\/strong> 01-09-389131<\/p><p><strong>Ad\u00f3sz\u00e1m:<\/strong> 27414169-2-41<\/p><p><strong>Szolg\u00e1ltat\u00f3 el\u00e9rhet\u0151s\u00e9gei: <\/strong><\/p><p><strong>K\u00f6zponti telefonsz\u00e1m:<\/strong> (+36 20) 232 8111<\/p><p><strong>K\u00f6zponti e-mail c\u00edm:<\/strong> sportkozpont@czakosport.hu<\/p><p><strong>T\u00e1rhelyszolg\u00e1ltat\u00f3, webes megjelen\u00e9s, programoz\u00e1s: <\/strong><\/p><p>Benedek Andr\u00e1s ev.<\/p><p>A honlapon tal\u00e1lhat\u00f3 \u00edr\u00e1sokat, fot\u00f3kat a szerz\u0151i jog v\u00e9di. Felhaszn\u00e1l\u00e1suk csak a szerz\u0151k tudt\u00e1val, enged\u00e9ly\u00e9vel \u00e9s a forr\u00e1s, szerz\u0151 pontos megjel\u00f6l\u00e9s\u00e9vel t\u00f6rt\u00e9nhet.<\/p><p>\u00a9 Budav\u00e1ri K\u00f6z\u00f6ss\u00e9gi Nonprofit Kft.<\/p>\t\t\t\t\t\t\t\t<\/div>\n\t\t\t\t\t<\/div>\n\t\t\t\t<\/div>\n\t\t\t\t<\/div>\n\t\t","protected":false},"excerpt":{"rendered":"<p>A www.czakosport.hu a Czak\u00f3 Utcai Sport-\u00e9s Szabadid\u0151k\u00f6zpont hivatalos honalapja. A Szolg\u00e1ltat\u00f3: N\u00e9v: Budav\u00e1ri K\u00f6z\u00f6ss\u00e9gi Nonprofit Kft. Sz\u00e9khelye: 1013 Budapest, Krisztina t\u00e9r 1. A F\u0151v\u00e1rosi T\u00f6rv\u00e9nysz\u00e9k C\u00e9gb\u00edr\u00f3s\u00e1ga \u00e1ltal vezetett nyilv\u00e1ntart\u00e1si sz\u00e1ma: 01-09-389131 Ad\u00f3sz\u00e1m: 27414169-2-41 Szolg\u00e1ltat\u00f3 el\u00e9rhet\u0151s\u00e9gei: K\u00f6zponti telefonsz\u00e1m: (+36 20) 232 8111 K\u00f6zponti e-mail c\u00edm: sportkozpont@czakosport.hu T\u00e1rhelyszolg\u00e1ltat\u00f3, webes megjelen\u00e9s, programoz\u00e1s: Benedek Andr\u00e1s ev. A honlapon tal\u00e1lhat\u00f3 [&hellip;]<\/p>\n","protected":false},"author":1,"featured_media":0,"parent":0,"menu_order":0,"comment_status":"closed","ping_status":"closed","template":"elementor_header_footer","meta":{"footnotes":""},"class_list":["post-116","page","type-page","status-publish","hentry"],"_links":{"self":[{"href":"https:\/\/czakosport.hu\/index.php?rest_route=\/wp\/v2\/pages\/116","targetHints":{"allow":["GET"]}}],"collection":[{"href":"https:\/\/czakosport.hu\/index.php?rest_route=\/wp\/v2\/pages"}],"about":[{"href":"https:\/\/czakosport.hu\/index.php?rest_route=\/wp\/v2\/types\/page"}],"author":[{"embeddable":true,"href":"https:\/\/czakosport.hu\/index.php?rest_route=\/wp\/v2\/users\/1"}],"replies":[{"embeddable":true,"href":"https:\/\/czakosport.hu\/index.php?rest_route=%2Fwp%2Fv2%2Fcomments&post=116"}],"version-history":[{"count":13,"href":"https:\/\/czakosport.hu\/index.php?rest_route=\/wp\/v2\/pages\/116\/revisions"}],"predecessor-version":[{"id":458,"href":"https:\/\/czakosport.hu\/index.php?rest_route=\/wp\/v2\/pages\/116\/revisions\/458"}],"wp:attachment":[{"href":"https:\/\/czakosport.hu\/index.php?rest_route=%2Fwp%2Fv2%2Fmedia&parent=116"}],"curies":[{"name":"wp","href":"https:\/\/api.w.org\/{rel}","templated":true}]}}