{"id":114,"date":"2026-02-26T08:32:23","date_gmt":"2026-02-26T08:32:23","guid":{"rendered":"https:\/\/czakosport.hu\/?page_id=114"},"modified":"2026-03-17T09:34:47","modified_gmt":"2026-03-17T09:34:47","slug":"hazirend","status":"publish","type":"page","link":"https:\/\/czakosport.hu\/?page_id=114","title":{"rendered":"H\u00e1zirend"},"content":{"rendered":"\t\t<div data-elementor-type=\"wp-page\" data-elementor-id=\"114\" class=\"elementor elementor-114\" data-elementor-post-type=\"page\">\n\t\t\t\t<div class=\"elementor-element elementor-element-433e8f3 e-flex e-con-boxed e-con e-parent\" data-id=\"433e8f3\" data-element_type=\"container\" data-e-type=\"container\" data-settings=\"{&quot;background_background&quot;:&quot;classic&quot;}\">\n\t\t\t\t\t<div class=\"e-con-inner\">\n\t\t\t\t\t<\/div>\n\t\t\t\t<\/div>\n\t\t<div class=\"elementor-element elementor-element-2cef5c1 e-flex e-con-boxed e-con e-parent\" data-id=\"2cef5c1\" data-element_type=\"container\" data-e-type=\"container\">\n\t\t\t\t\t<div class=\"e-con-inner\">\n\t\t\t\t<div class=\"elementor-element elementor-element-6e933e9 elementor-widget elementor-widget-text-editor\" data-id=\"6e933e9\" data-element_type=\"widget\" data-e-type=\"widget\" data-widget_type=\"text-editor.default\">\n\t\t\t\t\t\t\t\t\t<p><strong>Budav\u00e1ri K\u00f6z\u00f6ss\u00e9gi Nonprofit Kft<\/strong><\/p><p><strong>Czak\u00f3 utcai Sport- \u00e9s Szabadid\u0151k\u00f6zpont \u2013 Sport Div\u00edzi\u00f3<\/strong><\/p><ul><li>A Sportk\u00f6zpontba bel\u00e9p\u00e9s a recepci\u00f3n t\u00f6rt\u00e9nik, a recepci\u00f3n els\u0151 alkalommal a regisztr\u00e1ci\u00f3s adatlap kit\u00f6lt\u00e9se, valamint lakc\u00edmk\u00e1rtya \u00e9s szem\u00e9lyi igazolv\u00e1ny bemutat\u00e1sa sz\u00fcks\u00e9ges a Sportk\u00f6zpont szolg\u00e1ltat\u00e1sinak ig\u00e9nybev\u00e9tel\u00e9hez. A Sportk\u00f6zpontba bel\u00e9p\u00e9ssel a vend\u00e9g a H\u00e1zirendben foglaltakat tudom\u00e1sul veszi \u00e9s elfogadja. A H\u00e1zirend mindenkire vonatkozik, aki a Sportk\u00f6zpont ingatlan\u00e1nak ter\u00fclet\u00e9re bel\u00e9p, illet\u0151leg ott tart\u00f3zkodik. A Sportk\u00f6zpont a H\u00e1zirend betart\u00e1s\u00e1nak el\u0151seg\u00edt\u00e9se \u00e9rdek\u00e9ben a sz\u00fcks\u00e9ges eszk\u00f6z\u00f6kkel fell\u00e9phet.<\/li><li>A Sportk\u00f6zpontba bel\u00e9p\u00e9skor a bel\u00e9p\u0151nek igazolnia kell bel\u00e9p\u00e9si jogosults\u00e1g\u00e1t a szolg\u00e1ltat\u00e1sok ig\u00e9nybev\u00e9tel\u00e9hez.<\/li><li>A Sportk\u00f6zpont recepci\u00f3sainak \u00e9s koll\u00e9g\u00e1inak munkak\u00f6ri k\u00f6teless\u00e9g\u00fck ellen\u0151rizni az Int\u00e9zm\u00e9ny- \u00e9s p\u00e1lyahaszn\u00e1lat jogosults\u00e1g\u00e1t. Aki ezt megtagadja, annak megtilthatj\u00e1k a Sportk\u00f6zpontba bel\u00e9p\u00e9st, a sportp\u00e1lya haszn\u00e1lat\u00e1t.<\/li><li>Alkalmi p\u00e1lyab\u00e9rl\u00e9skor a recepci\u00f3n el\u0151re, a p\u00e1lyahaszn\u00e1lat el\u0151tt kell fizetni a b\u00e9rleti d\u00edjat. K\u00e9szp\u00e9nzfizet\u00e9sre nincs lehet\u0151s\u00e9g, a b\u00e9rleti d\u00edjat bankk\u00e1rty\u00e1val lehet fizetni.<\/li><li>Az I. ker\u00fcleti lakc\u00edmk\u00e1rty\u00e1val, vagy \u00e9rv\u00e9nyes lak\u00e1sb\u00e9rleti szerz\u0151d\u00e9ssel rendelkez\u0151k, saj\u00e1t testmozg\u00e1suk c\u00e9lj\u00e1b\u00f3l t\u00e9r\u00edt\u00e9smentesen vehetik ig\u00e9nybe a fut\u00f3k\u00f6rt, a k\u00fclt\u00e9ri fitneszeszk\u00f6z\u00f6ket, a pingpongasztalokat, az \u00f6nt\u00f6tt gumibor\u00edt\u00e1s\u00fa multifunkci\u00f3s p\u00e1ly\u00e1t \u00e9s a r\u00f6plabda\/tollaslabda p\u00e1ly\u00e1t.<\/li><li>Az Int\u00e9zm\u00e9nyben edz\u00e9s jelleg\u0171 foglalkoz\u00e1s tart\u00e1s\u00e1ra kiz\u00e1r\u00f3lag igazgat\u00f3i enged\u00e9llyel, \u00e9rv\u00e9nyes b\u00e9rleti szerz\u0151d\u00e9ssel van lehet\u0151s\u00e9g!<\/li><li>A tan\u00edt\u00e1si id\u0151ben testnevel\u00e9si \u00f3r\u00e1ra \u00e9rkez\u0151 di\u00e1kok kiz\u00e1r\u00f3lag testnevel\u0151 tan\u00e1rral l\u00e9phetnek be a Sportk\u00f6zpontba. Az edz\u00e9s, testnevel\u00e9si \u00f3ra el\u0151tt, alatt \u00e9s ut\u00e1n a gyerekek edz\u0151i, testnevel\u0151 tan\u00e1ri fel\u00fcgyelet n\u00e9lk\u00fcl nem mehetnek a p\u00e1ly\u00e1kra! Az edz\u00e9sre, testnevel\u00e9s \u00f3r\u00e1ra \u00e9rkez\u0151 gyerekek csak a foglalkoz\u00e1s ideje alatt tart\u00f3zkodhatnak a sportp\u00e1ly\u00e1n. Az edz\u00e9sre \u00e9rkez\u0151, nem I. ker\u00fcleti gyerekek \u00e9s a p\u00e1lyab\u00e9rl\u0151k, 20 perccel az edz\u00e9s\/b\u00e9rl\u00e9s el\u0151tt \u00e9rkezhetnek \u00e9s 20 perccel az edz\u00e9s\/p\u00e1lyab\u00e9rl\u00e9s ut\u00e1n el kell hagyniuk a Sportk\u00f6zpontot.<\/li><li>A foglalkoz\u00e1son r\u00e9sztvev\u0151k\u00e9rt a foglalkoz\u00e1st vezet\u0151 edz\u0151, testnevel\u0151 tan\u00e1r a felel\u0151s!<\/li><li>A doh\u00e1nyz\u00e1s, elektromos cigaretta, doh\u00e1nyz\u00e1st imit\u00e1l\u00f3 elektromos eszk\u00f6z\u00f6k \u00e9s ny\u00edlt l\u00e1ng haszn\u00e1lata a Sportk\u00f6zpont eg\u00e9sz ter\u00fclet\u00e9n szigor\u00faan tilos!<\/li><li>Tilos szemetelni, \u00fcveget, t\u00f6r\u00e9keny t\u00e1rgyat \u00e9s v\u00e1g\u00f3eszk\u00f6zt vinni a p\u00e1ly\u00e1kra \u00e9s a lel\u00e1t\u00f3ra! A p\u00e1ly\u00e1k, sporteszk\u00f6z\u00f6k, lel\u00e1t\u00f3 nem rendeltet\u00e9sszer\u0171 haszn\u00e1latakor a l\u00e9tes\u00edtm\u00e9ny munkat\u00e1rsai a haszn\u00e1latot megtagadhatj\u00e1k.<\/li><li>A Sportk\u00f6zpont ter\u00fclet\u00e9n okozott b\u00e1rmilyen sz\u00e1nd\u00e9kos rong\u00e1l\u00e1s teljesk\u00f6r\u0171 k\u00e1rt\u00e9r\u00edt\u00e9si k\u00f6telezetts\u00e9ggel j\u00e1r!<\/li><li>Kitilt\u00e1st vonhat maga ut\u00e1n a rendezv\u00e9nyeinken val\u00f3 tr\u00e1g\u00e1r, s\u00e9rt\u0151 megnyilv\u00e1nul\u00e1s.<\/li><li>Ker\u00e9kp\u00e1r, roller elhelyez\u00e9sre csak az arra kijel\u00f6lt ker\u00e9kp\u00e1rt\u00e1rol\u00f3 helyen van lehet\u0151s\u00e9g. Ker\u00e9kp\u00e1rt, rollert a sportp\u00e1ly\u00e1kra \u00e9s a sportp\u00e1ly\u00e1k mell\u00e9 bevinni tilos! Motort a Sportk\u00f6zpontba tilos bevinni!<\/li><li>Parkol\u00e1s csak igazgat\u00f3i enged\u00e9llyel, a kijel\u00f6lt helyen lehets\u00e9ges!<\/li><li>A sportp\u00e1ly\u00e1kat, berendez\u00e9si \u00e9s felszerel\u00e9si eszk\u00f6z\u00f6ket mindenki saj\u00e1t felel\u0151ss\u00e9g\u00e9re veheti ig\u00e9nybe, az esetleges balesetek\u00e9rt a Sportk\u00f6zpont felel\u0151ss\u00e9get nem v\u00e1llal. Az Int\u00e9zm\u00e9ny ter\u00fclet\u00e9n l\u00e9v\u0151 sportszereket csak rendeltet\u00e9sszer\u0171en szabad haszn\u00e1lni. Tilos a labdar\u00fag\u00f3kapukra \u00e9s h\u00e1l\u00f3kra felm\u00e1szni!<\/li><li>A k\u00fclt\u00e9ri fitnesz er\u0151s\u00edt\u0151 g\u00e9peken 12 \u00e9v alatti gyermek nem tart\u00f3zkodhat! 12 \u00e9v feletti kiskor\u00faak csak feln\u0151tt ir\u00e1ny\u00edt\u00e1s\u00e1val \u00e9s felel\u0151ss\u00e9g\u00e9re, edz\u00e9s c\u00e9lj\u00e1b\u00f3l, rendeltet\u00e9sszer\u0171en haszn\u00e1lhatj\u00e1k ezeket a sporteszk\u00f6z\u00f6ket.<\/li><li>A sportk\u00f6zpont ter\u00fclet\u00e9re 14 \u00e9v alatti gyermek 18 \u00e9v feletti feln\u0151tt fel\u00fcgyelettel l\u00e9phet be.<\/li><li>A sportszerek (kapuk) edz\u00e9sek ut\u00e1ni elpakol\u00e1sa az edz\u0151(k), testnevel\u0151 tan\u00e1r(ok) feladata \u00e9s felel\u0151ss\u00e9ge! Edz\u00e9sek \u00e9s m\u00e9rk\u0151z\u00e9sek ut\u00e1n az edz\u0151(k)nek k\u00f6telez\u0151 az \u00f6lt\u00f6z\u0151k ellen\u0151rz\u00e9se!<\/li><li>A Sportfoglalkoz\u00e1sokon r\u00e9sztvev\u0151 gyerekek k\u00eds\u00e9r\u0151ire a Sportk\u00f6zpont H\u00e1zirendje vonatkozik.<\/li><li>A Sportk\u00f6zpont ter\u00fclet\u00e9re behozott \u00e9rt\u00e9kt\u00e1rgyak\u00e9rt felel\u0151ss\u00e9get nem v\u00e1llalunk!<\/li><li>A l\u00e9tes\u00edtm\u00e9ny a tev\u00e9kenys\u00e9gnek megfelel\u0151 ruh\u00e1zatban l\u00e1togathat\u00f3, k\u00e9rj\u00fck a f\u00fcrd\u0151ruha mell\u0151z\u00e9s\u00e9t.<\/li><li>A Sportk\u00f6zpontban k\u00e9p-\u00e9s hangfelv\u00e9telt csak igazgat\u00f3i enged\u00e9llyel, a rendezv\u00e9nyekr\u0151l k\u00e9p- \u00e9s hangfelv\u00e9telt csak a rendez\u0151k beleegyez\u00e9s\u00e9vel lehet k\u00e9sz\u00edteni.<\/li><li>A Sportk\u00f6zpont rendezv\u00e9nyein k\u00e9p- \u00e9s hangfelv\u00e9telek k\u00e9sz\u00fclhetnek, ezek a ker\u00fclet \u00fajs\u00e1gj\u00e1ban, egy\u00e9b kiadv\u00e1nyaiban\u00a0\u00e9s az int\u00e9zm\u00e9ny online fel\u00fcletein megjelenhetnek. A rendezv\u00e9nyen val\u00f3 r\u00e9sztvev\u0151k ezt tudom\u00e1sul veszik.<\/li><li>Alkoholtartalm\u00fa italok \u00e1rus\u00edt\u00e1sa rendezv\u00e9nyek alkalm\u00e1val: sportk\u00f6zpont ter\u00fclet\u00e9n kiz\u00e1r\u00f3lag el\u0151zetes, \u00edr\u00e1sos int\u00e9zm\u00e9nyvezet\u0151i enged\u00e9llyel, meghat\u00e1rozott rendezv\u00e9nyek keret\u00e9ben enged\u00e9lyezett kis mennyis\u00e9g\u0171, k\u00f6nny\u0171 alkoholtartalm\u00fa italok (pl. s\u00f6r, bor) \u00e1rus\u00edt\u00e1sa. Az \u00e1rus\u00edt\u00e1s minden esetben a vonatkoz\u00f3 jogszab\u00e1lyok \u00e9s hat\u00f3s\u00e1gi el\u0151\u00edr\u00e1sok betart\u00e1s\u00e1val t\u00f6rt\u00e9nhet.<\/li><li>T\u0171z-, bombariad\u00f3, egy\u00e9b rendk\u00edv\u00fcli esem\u00e9ny eset\u00e9n a Sportk\u00f6zpont alkalmazottainak utas\u00edt\u00e1sait kell k\u00f6vetni. A k\u00fclt\u00e9ri sportp\u00e1ly\u00e1kat vill\u00e1mvesz\u00e9ly eset\u00e9n a Sportk\u00f6zpont munkat\u00e1rsainak felsz\u00f3l\u00edt\u00e1s\u00e1ra halad\u00e9ktalanul el kell hagyni. A szolg\u00e1ltat\u00e1s sz\u00fcnetel\u00e9s\u00e9r\u0151l kiadott Int\u00e9zm\u00e9nyvezet\u0151i d\u00f6nt\u00e9s kiz\u00e1r\u00f3lag a vend\u00e9gek testi \u00e9ps\u00e9g\u00e9nek meg\u00f3v\u00e1sa \u00e9rdek\u00e9ben t\u00f6rt\u00e9nik. \u00c1ramsz\u00fcnet, \u00e1ramkimarad\u00e1s, vihar, vill\u00e1mtev\u00e9kenys\u00e9g, sz\u00e9ls\u0151s\u00e9ges id\u0151j\u00e1r\u00e1si k\u00f6r\u00fclm\u00e9nyek \u00e9s egy\u00e9b, vis major miatt bek\u00f6vetkez\u0151 vagy a Sportk\u00f6zpont \u00e9rdekk\u00f6r\u00e9n k\u00edv\u00fcl es\u0151 okb\u00f3l t\u00f6rt\u00e9n\u0151 r\u00e9szleges vagy teljes szolg\u00e1ltat\u00e1s-sz\u00fcneteltet\u00e9sb\u0151l ered\u0151en a Vend\u00e9g a Sportk\u00f6zponttal szemben ig\u00e9nyt (b\u00e9rleti d\u00edj visszat\u00e9r\u00edt\u00e9s, egy\u00e9b k\u00e1rt\u00e9r\u00edt\u00e9s) nem t\u00e1maszthat.<\/li><li>Az eg\u00e9szs\u00e9g\u00fcgyi \u00e9s hat\u00f3s\u00e1gi rendelkez\u00e9sek betart\u00e1sa, a balesetek megel\u0151z\u00e9se, valamint a vend\u00e9gek zavartalan kikapcsol\u00f3d\u00e1sa \u00e9rdek\u00e9ben TILOS:<\/li><\/ul><p>&#8211; \u00a0\u00a0\u00a0 k\u00fcl\u00f6nnem\u0171 \u00f6lt\u00f6z\u0151kbe, zuhanyz\u00f3kba, mosd\u00f3kba, mell\u00e9khelyis\u00e9gekbe ott felt\u00fcntetettel ellenkez\u0151 nem\u0171 vend\u00e9geknek bemenni,<\/p><p>&#8211;\u00a0\u00a0\u00a0\u00a0 a Sportk\u00f6zpont ter\u00fclet\u00e9n sz\u00f3r\u00f3lapot osztani, illetve elhelyezni (az Int\u00e9zm\u00e9nyvezet\u0151 enged\u00e9lye n\u00e9lk\u00fcl),<\/p><p>&#8211;\u00a0\u00a0\u00a0\u00a0 a vend\u00e9g \u00e1ltal hozott hajsz\u00e1r\u00edt\u00f3t haszn\u00e1lni,<\/p><p>&#8211;\u00a0\u00a0\u00a0\u00a0 a Sportk\u00f6zpont ter\u00fclet\u00e9re \u00e1llatot bevinni, kiv\u00e9telt k\u00e9pez az \u0151rkutya,<\/p><p>&#8211;\u00a0\u00a0\u00a0\u00a0 alkoholos, k\u00e1b\u00edt\u00f3szeres befoly\u00e1solts\u00e1g,<\/p><p>&#8211;\u00a0\u00a0\u00a0\u00a0 a Sportk\u00f6zpontban \u00fcgyn\u00f6ki, politikai tev\u00e9kenys\u00e9get folytatni,<\/p><p>&#8211;\u00a0\u00a0\u00a0\u00a0 a k\u00f6zerk\u00f6lcs\u00f6t, k\u00f6zrendet s\u00e9rt\u0151 m\u00f3don viselkedni, az egy\u00fctt\u00e9l\u00e9s szab\u00e1lyait megs\u00e9rteni, p\u00e9ld\u00e1ul:<\/p><p>&#8211; obszc\u00e9n, tr\u00e1g\u00e1r megjegyz\u00e9sek kinyilv\u00e1n\u00edt\u00e1sa<\/p><p>&#8211; fizik\u00e1lis b\u00e1ntalmaz\u00e1s<\/p><p>&#8211; faji, etnikai, vall\u00e1si hovatartoz\u00e1s, szexu\u00e1lis be\u00e1ll\u00edtotts\u00e1g miatt gy\u0171l\u00f6letkelt\u00e9s,<\/p><p>&#8211; szexu\u00e1lis ind\u00edttat\u00e1s\u00fa testi \u00e9rintkez\u00e9s,<\/p><p>&#8211; tov\u00e1bb\u00e1 minden olyan magatart\u00e1sforma, mely utal\u00f3 lehet szexu\u00e1lis kapcsolat l\u00e9tes\u00edt\u00e9s\u00e9re, \u00e9s alkalmas arra, hogy m\u00e1sokban megbotr\u00e1nkoz\u00e1st, riadalmat keltsen.<\/p><ul><li>A Sportk\u00f6zpontot nem l\u00e1togathatja, aki:<\/li><\/ul><p>\u00a0 \u00a0 \u00a0 \u00a0 &#8211;\u00a0 k\u00e1b\u00edt\u00f3szer, alkohol, b\u00f3d\u00edt\u00f3 hat\u00e1s\u00fa gy\u00f3gyszer hat\u00e1sa alatt \u00e1ll, vagy a sportesem\u00e9nyt viselked\u00e9s\u00e9vel zavarja;<\/p><p>\u00a0 \u00a0 \u00a0 \u00a0 &#8211; korl\u00e1tozott cselekv\u0151k\u00e9pess\u00e9g\u0171 \u00e9s fel\u00fcgyelet n\u00e9lk\u00fcl van;<\/p><p>\u00a0 \u00a0 \u00a0 \u00a0 &#8211; sz\u00e1nd\u00e9kosan k\u00e1rt okoz;<\/p><p>\u00a0 \u00a0 \u00a0 \u00a0 &#8211; a Sportk\u00f6zpont vezet\u0151je \u00e1ltal a l\u00e9tes\u00edtm\u00e9ny haszn\u00e1lat\u00e1t\u00f3l eltiltott.<\/p><ul><li>Az Int\u00e9zm\u00e9nyvezet\u0151 kitilthatja a Sportk\u00f6zpontb\u00f3l azon szem\u00e9lyeket, akiknek a Sportk\u00f6zpont ter\u00fclet\u00e9n tan\u00fas\u00edtott magatart\u00e1sa kir\u00edv\u00f3an k\u00f6z\u00f6ss\u00e9gellenes, m\u00e1sokban megbotr\u00e1nkoztat\u00e1st, riadalmat kelthet, \u00e9s amellyel kapcsolatosan panaszos bejelent\u00e9s \u00e9rkezik, vagy a Sportk\u00f6zpont k\u00e9nytelen rend\u0151rs\u00e9gi kisz\u00e1ll\u00e1st k\u00e9rni, illetve rend\u0151rs\u00e9gi feljelent\u00e9st tenni. Minden tov\u00e1bbi int\u00e9zked\u00e9s mell\u0151z\u00e9s\u00e9vel, halad\u00e9ktalanul kitilthat\u00f3 a Sportk\u00f6zpontb\u00f3l azon szem\u00e9ly, akinek magatart\u00e1sa fizikai er\u0151szakot vagy b\u00e1rmilyen szexu\u00e1lis jelleg\u0171 cselekm\u00e9nyt val\u00f3s\u00edt meg. A kitilt\u00e1s hat\u00e1rozott id\u0151re vagy v\u00e9glegesen is alkalmazhat.<\/li><\/ul><p><strong>V\u00c1S\u00c1RL\u00d3K K\u00d6NYVE<\/strong><\/p><p>A v\u00e1s\u00e1rl\u00f3k k\u00f6nyve a Sportk\u00f6zpontban a Recepci\u00f3n \u00e1ll a vend\u00e9gek rendelkez\u00e9s\u00e9re.<\/p><p>A Sportk\u00f6zpont int\u00e9zm\u00e9nyvezet\u0151je k\u00f6teles a panaszt, \u00e9szrev\u00e9telt, javaslatot a vonatkoz\u00f3 szab\u00e1lyok szerint kivizsg\u00e1lni, illet\u0151leg annak alapj\u00e1n int\u00e9zkedni.<\/p><p><strong>\u00c9RT\u00c9K\u0150RZ\u00c9S<\/strong><\/p><p>A tal\u00e1lt t\u00e1rgyak lead\u00e1sa a F\u0151\u00e9p\u00fcletben tal\u00e1lhat\u00f3 Pihen\u0151 helyis\u00e9gben, a \u201eTal\u00e1lt t\u00e1rgyak\u201d napl\u00f3bejegyz\u00e9s mellett t\u00f6rt\u00e9nik. A tal\u00e1lt t\u00e1rgyakat 90 napig \u0151rizz\u00fck meg.<\/p><p><strong>A Czak\u00f3 utcai Sport- \u00e9s Szabadid\u0151k\u00f6zpont ter\u00fclet\u00e9n edz\u00e9s jelleg\u0171, szervezett csoportos sportfoglalkoz\u00e1sok, c\u00e9ges sport- \u00e9s egy\u00e9b rendezv\u00e9nyek csak igazgat\u00f3i enged\u00e9llyel, \u00e9rv\u00e9nyes b\u00e9rleti szerz\u0151d\u00e9ssel tarthat\u00f3k!<\/strong><\/p><p><strong>\u00a0\u00a0\u00a0\u00a0\u00a0\u00a0\u00a0\u00a0\u00a0\u00a0\u00a0\u00a0\u00a0 A SPORTK\u00d6ZPONT TER\u00dcLET\u00c9RE VAL\u00d3 BEL\u00c9P\u00c9SSEL \u00d6N EGYBEN ELFOGADJA H\u00c1ZIREND\u00dcNKET!<\/strong><\/p><p><strong>A sportl\u00e9tes\u00edtm\u00e9ny haszn\u00e1lat\u00e1ra vonatkoz\u00f3 kieg\u00e9sz\u00edt\u0151 szab\u00e1lyok<\/strong><\/p><p><strong>\u00a0<\/strong><\/p><p><strong>F\u00fcves labdar\u00fag\u00f3p\u00e1lya<\/strong><\/p><ul><li>A p\u00e1lya ig\u00e9nybev\u00e9telekor az \u00fczemeltet\u0151 k\u00e9pvisel\u0151j\u00e9nek utas\u00edt\u00e1sait be kell tartani.<\/li><li>A p\u00e1ly\u00e1n f\u00e9m stoplis \u00e9s m\u0171anyag stoplis cip\u0151 haszn\u00e1lata tilos!<\/li><li>A labdar\u00fag\u00f3 kapuk elpakol\u00e1sa az arra kijel\u00f6lt helyre a foglalkoz\u00e1st k\u00f6vet\u0151en k\u00f6telez\u0151!<\/li><li>A labdar\u00fag\u00f3 kapukat kiz\u00e1r\u00f3lag ler\u00f6gz\u00edtve lehet haszn\u00e1lni!<\/li><\/ul><p><strong>M\u0171f\u00fcves labdar\u00fag\u00f3p\u00e1lya<\/strong><\/p><ul><li>A m\u0171f\u00fcves p\u00e1ly\u00e1t csak \u00e9rv\u00e9nyes szerz\u0151d\u00e9ssel rendelkez\u0151k, illetve alkalmi b\u00e9rl\u0151k a b\u00e9rleti d\u00edj kiegyenl\u00edt\u00e9se ut\u00e1n haszn\u00e1lhatj\u00e1k. Minden m\u00e1s esetben igazgat\u00f3i enged\u00e9ly sz\u00fcks\u00e9ges!<\/li><li>A m\u0171f\u00fcves p\u00e1ly\u00e1t csak arra alkalmas, letiszt\u00edtott cip\u0151ben, rendeltet\u00e9sszer\u0171en szabad haszn\u00e1lni, f\u00e9m stoplis \u00e9s m\u0171anyag stoplis cip\u0151 haszn\u00e1lata tilos!<\/li><li>A m\u0171f\u00fcves p\u00e1ly\u00e1ra felvitt kapuk visszapakol\u00e1sa a kijel\u00f6lt helyre k\u00f6telez\u0151!<\/li><\/ul><p><strong>Fut\u00f3p\u00e1lya<\/strong><\/p><ul><li>A fut\u00f3p\u00e1ly\u00e1n edz\u00e9s jelleg\u0171 foglalkoz\u00e1s tart\u00e1s\u00e1ra csak igazgat\u00f3i enged\u00e9llyel, \u00e9rv\u00e9nyes b\u00e9rleti szerz\u0151d\u00e9ssel van lehet\u0151s\u00e9g!<\/li><li>A fut\u00f3p\u00e1ly\u00e1t csak sima talp\u00fa sportcip\u0151ben lehet haszn\u00e1lni, sz\u00f6ges cip\u0151 \u00e9s stoplis cip\u0151 haszn\u00e1lata tilos!<\/li><li>A fut\u00f3p\u00e1lya kiz\u00e1r\u00f3lag fut\u00e1sra, gyalogl\u00e1sra \u00e9s az atl\u00e9tikai edz\u00e9sek gyakorlataira haszn\u00e1lhat\u00f3.<\/li><li>A fut\u00f3p\u00e1ly\u00e1n tilos a ker\u00e9kp\u00e1roz\u00e1s, g\u00f6rkorcsoly\u00e1z\u00e1s, rollerez\u00e9s, g\u00f6rdeszk\u00e1z\u00e1s, kismotoroz\u00e1s! Nordic walking bot csak gumiv\u00e9ggel haszn\u00e1lhat\u00f3!<\/li><li>A fut\u00f3p\u00e1ly\u00e1n a k\u00f6telez\u0151 halad\u00e1si ir\u00e1ny az \u00f3ramutat\u00f3 j\u00e1r\u00e1s\u00e1val ellent\u00e9tes, k\u00e9rj\u00fck ennek betart\u00e1s\u00e1t!<\/li><\/ul><p><strong>Teniszp\u00e1lya<\/strong><\/p><ul><li>A teniszp\u00e1ly\u00e1k el\u0151re egyeztetett id\u0151pontban haszn\u00e1lhat\u00f3k.<\/li><li>A teniszp\u00e1ly\u00e1ra csak teniszcip\u0151ben lehet felmenni.<\/li><li>A j\u00e1t\u00e9kid\u0151 55 perc, ut\u00e1na k\u00e9rj\u00fck p\u00e1lyaleh\u00faz\u00f3val a p\u00e1lya rendbet\u00e9tel\u00e9t!<\/li><\/ul><p><strong>Multifunkci\u00f3s p\u00e1lya (\u00f6nt\u00f6tt gumip\u00e1lya)<\/strong><\/p><ul><li>A multifunkci\u00f3sp\u00e1ly\u00e1t (gumip\u00e1ly\u00e1t) csak sima talp\u00fa sportcip\u0151ben lehet haszn\u00e1lni! B\u00e1rmilyen stoplis, sz\u00f6ges cip\u0151 haszn\u00e1lata tilos!<\/li><\/ul><p><strong>Asztalitenisz &#8211; Pavilon<\/strong><\/p><ul><li>A pavilonban \u00e9s a k\u00f6r\u00fcl\u00f6tte l\u00e9v\u0151 gyepen focizni, labd\u00e1zni tilos!<\/li><li>A pingpongasztalok elmozd\u00edt\u00e1sa, \u00f6sszecsuk\u00e1sa tilos!<\/li><li>A pavilon \u00fcvegt\u00e1bl\u00e1inak mozgat\u00e1s\u00e1t kiz\u00e1r\u00f3lag a Sportk\u00f6zpont munkat\u00e1rsai v\u00e9gezhetik! A pavilon beton asztalait, padjait tilos elmozd\u00edtani!<\/li><\/ul><p><strong>R\u00f6plabda, tollaslabda p\u00e1lya<\/strong><\/p><ul><li>A p\u00e1ly\u00e1n labdar\u00fag\u00e1s jelleg\u0171 sporttev\u00e9kenys\u00e9g nem folytathat\u00f3, kiz\u00e1r\u00f3lag r\u00f6p- \u00e9s tollaslabd\u00e1z\u00e1sra van lehet\u0151s\u00e9g!<\/li><\/ul><p><strong>\u00a0<\/strong><\/p><p><strong>Parkett\u00e1s terem<\/strong><\/p><ul><li>Az \u00e9p\u00fcletbe csak a foglalkoz\u00e1st vezet\u0151 jelenl\u00e9t\u00e9ben lehet bemenni, a helyis\u00e9gek (terem, \u00f6lt\u00f6z\u0151k, mell\u00e9khelyis\u00e9gek) rendeltet\u00e9sszer\u0171 haszn\u00e1lat\u00e1\u00e9rt a foglalkoz\u00e1st vezet\u0151 a felel\u0151s!<\/li><li>Az \u00e9p\u00fclet term\u00e9ben \u00e9tel, ital fogyaszt\u00e1sa tilos!<\/li><li>A parkett\u00e1s terem b\u00e9rl\u00e9s\u00e9re az igazgat\u00f3 adhat enged\u00e9lyt.<\/li><\/ul><p>\u00a0<\/p><p><b>EUR\u00d3PA LIGET SPORTP\u00c1LYA<\/b><\/p><ul><li style=\"font-weight: 400;\" aria-level=\"1\"><span style=\"font-weight: 400;\">A sportp\u00e1lya mindenki sz\u00e1m\u00e1ra saj\u00e1t felel\u0151ss\u00e9gre haszn\u00e1lhat\u00f3.<\/span><\/li><li style=\"font-weight: 400;\" aria-level=\"1\"><span style=\"font-weight: 400;\">A p\u00e1lya rendeltet\u00e9sszer\u0171 sporttev\u00e9kenys\u00e9g c\u00e9lj\u00e1ra vehet\u0151 ig\u00e9nybe.<\/span><\/li><li style=\"font-weight: 400;\" aria-level=\"1\"><span style=\"font-weight: 400;\">A p\u00e1ly\u00e1t haszn\u00e1l\u00f3k k\u00f6telesek egym\u00e1s testi \u00e9ps\u00e9g\u00e9re \u00e9s nyugalm\u00e1ra figyelemmel lenni.<\/span><\/li><li style=\"font-weight: 400;\" aria-level=\"1\"><span style=\"font-weight: 400;\">14 \u00e9v alatti gyermekek csak 18 \u00e9v feletti szem\u00e9ly fel\u00fcgyelete mellett tart\u00f3zkodhatnak a p\u00e1ly\u00e1n.<\/span><\/li><li style=\"font-weight: 400;\" aria-level=\"1\"><span style=\"font-weight: 400;\">Szervezett sportfoglalkoz\u00e1s vagy rendezv\u00e9ny csak az \u00fczemeltet\u0151 el\u0151zetes enged\u00e9ly\u00e9vel tarthat\u00f3.<\/span><\/li><\/ul><ul><li style=\"font-weight: 400;\" aria-level=\"1\"><span style=\"font-weight: 400;\">A nyitvatart\u00e1si id\u0151n k\u00edv\u00fcl a sportp\u00e1lya haszn\u00e1lata nem megengedett.<\/span><\/li><\/ul><ul><li style=\"font-weight: 400;\" aria-level=\"1\"><span style=\"font-weight: 400;\">A p\u00e1ly\u00e1t sportol\u00e1sra alkalmas cip\u0151ben szabad haszn\u00e1lni.<\/span><\/li><li style=\"font-weight: 400;\" aria-level=\"1\"><span style=\"font-weight: 400;\">A sportp\u00e1ly\u00e1n tal\u00e1lhat\u00f3 k\u00e9zilabda kapuk \u00e9s kos\u00e1rlabda pal\u00e1nkok kiz\u00e1r\u00f3lag rendeltet\u00e9sszer\u0171en haszn\u00e1lhat\u00f3k.<\/span><\/li><li style=\"font-weight: 400;\" aria-level=\"1\"><span style=\"font-weight: 400;\">A kapukra \u00e9s kos\u00e1rpal\u00e1nkokra felm\u00e1szni tilos.<\/span><\/li><li style=\"font-weight: 400;\" aria-level=\"1\"><span style=\"font-weight: 400;\">A p\u00e1ly\u00e1n tal\u00e1lhat\u00f3 padok \u00e9s egy\u00e9b berendez\u00e9sek rendeltet\u00e9sszer\u0171 haszn\u00e1lata k\u00f6telez\u0151.<\/span><\/li><li style=\"font-weight: 400;\" aria-level=\"1\"><span style=\"font-weight: 400;\">A p\u00e1ly\u00e1n elhelyezett biztos\u00edt\u00f3 szekr\u00e9ny kiz\u00e1r\u00f3lag az \u00fczemeltet\u0151 munkat\u00e1rsai sz\u00e1m\u00e1ra haszn\u00e1lhat\u00f3.<\/span><\/li><li style=\"font-weight: 400;\" aria-level=\"1\"><span style=\"font-weight: 400;\">A sportp\u00e1lya ter\u00fclet\u00e9n tilos: doh\u00e1nyozni, elektromos cigarett\u00e1t haszn\u00e1lni, alkoholt fogyasztani, szemetelni, \u00fcveget vagy vesz\u00e9lyes t\u00e1rgyat a p\u00e1ly\u00e1ra bevinni, ker\u00e9kp\u00e1rt, rollert, motort vagy egy\u00e9b j\u00e1rm\u0171vet a p\u00e1ly\u00e1ra bevinni, a sportp\u00e1lya berendez\u00e9seit megrong\u00e1lni \u00e9s a p\u00e1lya ter\u00fclet\u00e9n k\u00f6z\u00f6ss\u00e9gellenes, m\u00e1sokat zavar\u00f3 magatart\u00e1st tan\u00fas\u00edtani.\u00a0<\/span><\/li><li style=\"font-weight: 400;\" aria-level=\"1\"><span style=\"font-weight: 400;\">A sportp\u00e1lya ter\u00fclet\u00e9n okozott sz\u00e1nd\u00e9kos k\u00e1rokoz\u00e1s k\u00e1rt\u00e9r\u00edt\u00e9si k\u00f6telezetts\u00e9ggel j\u00e1r.<\/span><\/li><li style=\"font-weight: 400;\" aria-level=\"1\"><span style=\"font-weight: 400;\">A sportp\u00e1ly\u00e1ra behozott \u00e9rt\u00e9kt\u00e1rgyak\u00e9rt az \u00fczemeltet\u0151 felel\u0151ss\u00e9get nem v\u00e1llal.<\/span><\/li><\/ul><ul><li style=\"font-weight: 400;\" aria-level=\"1\"><span style=\"font-weight: 400;\">Vihar, vill\u00e1mvesz\u00e9ly vagy egy\u00e9b vesz\u00e9lyhelyzet eset\u00e9n a p\u00e1ly\u00e1t halad\u00e9ktalanul el kell hagyni.<\/span><\/li><li style=\"font-weight: 400;\" aria-level=\"1\"><span style=\"font-weight: 400;\">Az \u00fczemeltet\u0151 jogosult a h\u00e1zirendet megszeg\u0151 szem\u00e9lyt a sportp\u00e1lya haszn\u00e1lat\u00e1b\u00f3l ideiglenesen vagy v\u00e9glegesen kiz\u00e1rni.<\/span><\/li><\/ul><p>\u00a0<\/p><p><strong>A Czak\u00f3 utcai Sport- \u00e9s Szabadid\u0151k\u00f6zpont nyitvatart\u00e1sa<\/strong><\/p><p><strong>\u00a0<\/strong><\/p><p><strong>\u00e1prilis 1.-t\u0151l okt\u00f3ber 31.-ig:<\/strong><\/p><p>h\u00e9tf\u0151 &#8211; p\u00e9ntek:\u00a0\u00a0\u00a0\u00a0\u00a0\u00a0\u00a0\u00a0\u00a0\u00a0\u00a0\u00a0\u00a0\u00a0 06:30 &#8211; 22:30<\/p><p>szombat &#8211; vas\u00e1rnap: \u00a0\u00a0\u00a0\u00a0\u00a0\u00a0\u00a0 08:00 &#8211; 20:00<\/p><p><strong>november 1.-t\u0151l m\u00e1rcius 31.-ig:\u00a0\u00a0\u00a0\u00a0\u00a0\u00a0\u00a0\u00a0\u00a0\u00a0\u00a0\u00a0\u00a0\u00a0 <\/strong><\/p><p>h\u00e9tf\u0151 &#8211; p\u00e9ntek:\u00a0\u00a0\u00a0\u00a0\u00a0\u00a0\u00a0\u00a0\u00a0\u00a0\u00a0\u00a0\u00a0\u00a0 06:30 &#8211; 22:30<\/p><p>szombat &#8211; vas\u00e1rnap: \u00a0\u00a0\u00a0\u00a0\u00a0\u00a0\u00a0 09:00 &#8211; 21:00<\/p><p><strong>\u00a0<\/strong><\/p><p><strong>\u00dcnnepnapokon val\u00f3 nyitvatart\u00e1s:<\/strong><br \/>Az int\u00e9zm\u00e9ny \u00fcnnepnapokon z\u00e1rva tart. Ett\u0151l elt\u00e9rni kiz\u00e1r\u00f3lag \u00edr\u00e1sos \u00fcgyvezet\u0151i utas\u00edt\u00e1s alapj\u00e1n lehets\u00e9ges.<\/p><p>\u00a0<\/p><p>A Sportk\u00f6zpont Adatv\u00e9delmi Szab\u00e1lyzata az irod\u00e1ban megtekinthet\u0151.<\/p>\t\t\t\t\t\t\t\t<\/div>\n\t\t\t\t\t<\/div>\n\t\t\t\t<\/div>\n\t\t\t\t<\/div>\n\t\t","protected":false},"excerpt":{"rendered":"<p>Budav\u00e1ri K\u00f6z\u00f6ss\u00e9gi Nonprofit Kft Czak\u00f3 utcai Sport- \u00e9s Szabadid\u0151k\u00f6zpont \u2013 Sport Div\u00edzi\u00f3 A Sportk\u00f6zpontba bel\u00e9p\u00e9s a recepci\u00f3n t\u00f6rt\u00e9nik, a recepci\u00f3n els\u0151 alkalommal a regisztr\u00e1ci\u00f3s adatlap kit\u00f6lt\u00e9se, valamint lakc\u00edmk\u00e1rtya \u00e9s szem\u00e9lyi igazolv\u00e1ny bemutat\u00e1sa sz\u00fcks\u00e9ges a Sportk\u00f6zpont szolg\u00e1ltat\u00e1sinak ig\u00e9nybev\u00e9tel\u00e9hez. A Sportk\u00f6zpontba bel\u00e9p\u00e9ssel a vend\u00e9g a H\u00e1zirendben foglaltakat tudom\u00e1sul veszi \u00e9s elfogadja. A H\u00e1zirend mindenkire vonatkozik, aki a [&hellip;]<\/p>\n","protected":false},"author":1,"featured_media":0,"parent":0,"menu_order":0,"comment_status":"closed","ping_status":"closed","template":"elementor_header_footer","meta":{"footnotes":""},"class_list":["post-114","page","type-page","status-publish","hentry"],"_links":{"self":[{"href":"https:\/\/czakosport.hu\/index.php?rest_route=\/wp\/v2\/pages\/114","targetHints":{"allow":["GET"]}}],"collection":[{"href":"https:\/\/czakosport.hu\/index.php?rest_route=\/wp\/v2\/pages"}],"about":[{"href":"https:\/\/czakosport.hu\/index.php?rest_route=\/wp\/v2\/types\/page"}],"author":[{"embeddable":true,"href":"https:\/\/czakosport.hu\/index.php?rest_route=\/wp\/v2\/users\/1"}],"replies":[{"embeddable":true,"href":"https:\/\/czakosport.hu\/index.php?rest_route=%2Fwp%2Fv2%2Fcomments&post=114"}],"version-history":[{"count":25,"href":"https:\/\/czakosport.hu\/index.php?rest_route=\/wp\/v2\/pages\/114\/revisions"}],"predecessor-version":[{"id":453,"href":"https:\/\/czakosport.hu\/index.php?rest_route=\/wp\/v2\/pages\/114\/revisions\/453"}],"wp:attachment":[{"href":"https:\/\/czakosport.hu\/index.php?rest_route=%2Fwp%2Fv2%2Fmedia&parent=114"}],"curies":[{"name":"wp","href":"https:\/\/api.w.org\/{rel}","templated":true}]}}