{"id":106,"date":"2026-02-26T08:26:12","date_gmt":"2026-02-26T08:26:12","guid":{"rendered":"https:\/\/czakosport.hu\/?page_id=106"},"modified":"2026-03-17T09:11:23","modified_gmt":"2026-03-17T09:11:23","slug":"kapcsolat","status":"publish","type":"page","link":"https:\/\/czakosport.hu\/?page_id=106","title":{"rendered":"Kapcsolat"},"content":{"rendered":"\t\t<div data-elementor-type=\"wp-page\" data-elementor-id=\"106\" class=\"elementor elementor-106\" data-elementor-post-type=\"page\">\n\t\t\t\t<div class=\"elementor-element elementor-element-959f5f8 e-flex e-con-boxed e-con e-parent\" data-id=\"959f5f8\" data-element_type=\"container\" data-e-type=\"container\" data-settings=\"{&quot;background_background&quot;:&quot;classic&quot;}\">\n\t\t\t\t\t<div class=\"e-con-inner\">\n\t\t\t\t\t<\/div>\n\t\t\t\t<\/div>\n\t\t<div class=\"elementor-element elementor-element-6cce71d e-con-full e-flex e-con e-parent\" data-id=\"6cce71d\" data-element_type=\"container\" data-e-type=\"container\" data-settings=\"{&quot;background_background&quot;:&quot;classic&quot;}\">\n\t\t<div class=\"elementor-element elementor-element-080a205 e-con-full e-flex e-con e-child\" data-id=\"080a205\" data-element_type=\"container\" data-e-type=\"container\">\n\t\t<div class=\"elementor-element elementor-element-4ef2e7c e-con-full e-flex e-con e-child\" data-id=\"4ef2e7c\" data-element_type=\"container\" data-e-type=\"container\">\n\t\t\t\t<div class=\"elementor-element elementor-element-ee83557 elementor-widget elementor-widget-heading\" data-id=\"ee83557\" data-element_type=\"widget\" data-e-type=\"widget\" data-widget_type=\"heading.default\">\n\t\t\t\t\t<h2 class=\"elementor-heading-title elementor-size-default\">NYitvatart\u00e1s<\/h2>\t\t\t\t<\/div>\n\t\t\t\t<div class=\"elementor-element elementor-element-bf00dfb elementor-widget elementor-widget-html\" data-id=\"bf00dfb\" data-element_type=\"widget\" data-e-type=\"widget\" data-widget_type=\"html.default\">\n\t\t\t\t\t<div style=\"width: 100%; font-family: Arial, sans-serif;\">\n  \n  <!-- Header -->\n  <div style=\"display: flex; background-color: #ecc500; color: #000; font-weight: bold; padding: 8px 16px; border-radius: 8px 8px 8px 8px;font-family:'Poppins'\">\n    <div style=\"flex: 1;\">NY\u00c1RI ID\u0150SZAK <\/div>\n    <div style=\"flex: 1; text-align: right;\">(04.01 - 10.31.)<\/div>\n  <\/div>\n\n  <!-- Row 1 -->\n  <div style=\"display: flex; background-color: #ededed; padding: 8px 16px; margin-top: 8px; border-radius: 8px;font-family:'Poppins'\">\n    <div style=\"flex: 1;\">H\u00e9tf\u0151-P\u00e9ntek<\/div>\n    <div style=\"flex: 1; text-align: right;\">6.30-22.30<\/div>\n  <\/div>\n\n  <!-- Row 2 -->\n  <div style=\"display: flex; background-color: #ededed; padding: 8px 16px; margin-top: 8px; border-radius: 8px;font-family:'Poppins'\">\n    <div style=\"flex: 1;\">Szombat-Vas\u00e1rnap<\/div>\n    <div style=\"flex: 1; text-align: right;\">8.00-20.00<\/div>\n  <\/div>\n\n<\/div>\t\t\t\t<\/div>\n\t\t\t\t<\/div>\n\t\t<div class=\"elementor-element elementor-element-5b4c72e e-con-full e-flex e-con e-child\" data-id=\"5b4c72e\" data-element_type=\"container\" data-e-type=\"container\">\n\t\t\t\t<div class=\"elementor-element elementor-element-98f40e1 elementor-widget elementor-widget-html\" data-id=\"98f40e1\" data-element_type=\"widget\" data-e-type=\"widget\" data-widget_type=\"html.default\">\n\t\t\t\t\t<div style=\"width: 100%; font-family: Arial, sans-serif;\">\n  \n  <!-- Header -->\n  <div style=\"display: flex; background-color: #ecc500; color: #000; font-weight: bold; padding: 8px 16px; border-radius: 8px 8px 8px 8px;font-family:'Poppins'\">\n    <div style=\"flex: 1;\">T\u00c9LI ID\u0150SZAK <\/div>\n    <div style=\"flex: 1; text-align: right;\">(11.01 - 03.31.)<\/div>\n  <\/div>\n\n  <!-- Row 1 -->\n  <div style=\"display: flex; background-color: #ededed; padding: 8px 16px; margin-top: 8px; border-radius: 8px;font-family:'Poppins'\">\n    <div style=\"flex: 1;\">H\u00e9tf\u0151-P\u00e9ntek<\/div>\n    <div style=\"flex: 1; text-align: right;\">6.30-22.30<\/div>\n  <\/div>\n\n  <!-- Row 2 -->\n  <div style=\"display: flex; background-color: #ededed; padding: 8px 16px; margin-top: 8px; border-radius: 8px;font-family:'Poppins'\">\n    <div style=\"flex: 1;\">Szombat-Vas\u00e1rnap<\/div>\n    <div style=\"flex: 1; text-align: right;\">9.00-21.00<\/div>\n  <\/div>\n\n<\/div>\t\t\t\t<\/div>\n\t\t\t\t<\/div>\n\t\t<div class=\"elementor-element elementor-element-40b1001 e-con-full e-flex e-con e-child\" data-id=\"40b1001\" data-element_type=\"container\" data-e-type=\"container\">\n\t\t\t\t<div class=\"elementor-element elementor-element-0c56bf3 elementor-widget elementor-widget-heading\" data-id=\"0c56bf3\" data-element_type=\"widget\" data-e-type=\"widget\" data-widget_type=\"heading.default\">\n\t\t\t\t\t<h2 class=\"elementor-heading-title elementor-size-default\">El\u00e9rhet\u0151s\u00e9gek<\/h2>\t\t\t\t<\/div>\n\t\t\t\t<div class=\"elementor-element elementor-element-1e7f90a elementor-widget elementor-widget-html\" data-id=\"1e7f90a\" data-element_type=\"widget\" data-e-type=\"widget\" data-widget_type=\"html.default\">\n\t\t\t\t\t<div style=\"width: '100%'; font-family: Arial, sans-serif; border-radius: 8px;font-family: 'Poppins'\">\n\n  <!-- I. ker\u00fcleti lakos -->\n  <div style=\"display: flex; align-items: center; margin-bottom: 14px;\">\n    <div style=\"background-color: #ecc500; font-weight: bold; padding: 8px 14px; border-radius: 8px;\">\n      IRODA:\n    <\/div>\n    <div style=\"margin-left: 14px; font-size: 18px;\">\n      +36 20 232 8111\n    <\/div>\n  <\/div>\n\n  <!-- Napijegy -->\n  <div style=\"display: flex; align-items: center; margin-bottom: 14px;\">\n    <div style=\"background-color: #ecc500; font-weight: bold; padding: 8px 14px; border-radius: 8px;\">\n      EMAIL:\n    <\/div>\n    <div style=\"margin-left: 14px; font-size: 18px;\">\n      sportkozpont@czakosport.hu\n    <\/div>\n  <\/div>\n\n  <!-- Alkalmi\/\u00f3ra -->\n  <div style=\"display: flex; align-items: center;\">\n    <div style=\"background-color: #ecc500; font-weight: bold; padding: 8px 14px; border-radius: 8px;\">\n      CSURI FERENC N\u00c1NDOR:\n    <\/div>\n    <div style=\"margin-left: 14px; font-size: 18px;\">\n     +36 20 953 1150<br \/>Sport Div\u00edzi\u00f3vezet\u0151\n    <\/div>\n  <\/div>\n\n<\/div>\t\t\t\t<\/div>\n\t\t\t\t<\/div>\n\t\t\t\t<\/div>\n\t\t\t\t<\/div>\n\t\t<div class=\"elementor-element elementor-element-45693df e-flex e-con-boxed e-con e-parent\" data-id=\"45693df\" data-element_type=\"container\" data-e-type=\"container\">\n\t\t\t\t\t<div class=\"e-con-inner\">\n\t\t\t\t<div class=\"elementor-element elementor-element-f384d37 elementor-widget elementor-widget-text-editor\" data-id=\"f384d37\" data-element_type=\"widget\" data-e-type=\"widget\" data-widget_type=\"text-editor.default\">\n\t\t\t\t\t\t\t\t\t<p>Az int\u00e9zm\u00e9ny <strong>\u00fcnnepnapokon z\u00e1rva<\/strong> tart.<\/p><p>Ett\u0151l elt\u00e9rni kiz\u00e1r\u00f3lag \u00edr\u00e1sos \u00fcgyvezet\u0151i utas\u00edt\u00e1s alapj\u00e1n lehets\u00e9ges.<\/p>\t\t\t\t\t\t\t\t<\/div>\n\t\t\t\t\t<\/div>\n\t\t\t\t<\/div>\n\t\t\t\t<\/div>\n\t\t","protected":false},"excerpt":{"rendered":"<p>NYitvatart\u00e1s NY\u00c1RI ID\u0150SZAK (04.01 &#8211; 10.31.) H\u00e9tf\u0151-P\u00e9ntek 6.30-22.30 Szombat-Vas\u00e1rnap 8.00-20.00 T\u00c9LI ID\u0150SZAK (11.01 &#8211; 03.31.) H\u00e9tf\u0151-P\u00e9ntek 6.30-22.30 Szombat-Vas\u00e1rnap 9.00-21.00 El\u00e9rhet\u0151s\u00e9gek IRODA: +36 20 232 8111 EMAIL: sportkozpont@czakosport.hu CSURI FERENC N\u00c1NDOR: +36 20 953 1150Sport Div\u00edzi\u00f3vezet\u0151 Az int\u00e9zm\u00e9ny \u00fcnnepnapokon z\u00e1rva tart. Ett\u0151l elt\u00e9rni kiz\u00e1r\u00f3lag \u00edr\u00e1sos \u00fcgyvezet\u0151i utas\u00edt\u00e1s alapj\u00e1n lehets\u00e9ges.<\/p>\n","protected":false},"author":1,"featured_media":0,"parent":0,"menu_order":0,"comment_status":"closed","ping_status":"closed","template":"elementor_header_footer","meta":{"footnotes":""},"class_list":["post-106","page","type-page","status-publish","hentry"],"_links":{"self":[{"href":"https:\/\/czakosport.hu\/index.php?rest_route=\/wp\/v2\/pages\/106","targetHints":{"allow":["GET"]}}],"collection":[{"href":"https:\/\/czakosport.hu\/index.php?rest_route=\/wp\/v2\/pages"}],"about":[{"href":"https:\/\/czakosport.hu\/index.php?rest_route=\/wp\/v2\/types\/page"}],"author":[{"embeddable":true,"href":"https:\/\/czakosport.hu\/index.php?rest_route=\/wp\/v2\/users\/1"}],"replies":[{"embeddable":true,"href":"https:\/\/czakosport.hu\/index.php?rest_route=%2Fwp%2Fv2%2Fcomments&post=106"}],"version-history":[{"count":67,"href":"https:\/\/czakosport.hu\/index.php?rest_route=\/wp\/v2\/pages\/106\/revisions"}],"predecessor-version":[{"id":437,"href":"https:\/\/czakosport.hu\/index.php?rest_route=\/wp\/v2\/pages\/106\/revisions\/437"}],"wp:attachment":[{"href":"https:\/\/czakosport.hu\/index.php?rest_route=%2Fwp%2Fv2%2Fmedia&parent=106"}],"curies":[{"name":"wp","href":"https:\/\/api.w.org\/{rel}","templated":true}]}}