{"id":102,"date":"2026-02-26T08:25:47","date_gmt":"2026-02-26T08:25:47","guid":{"rendered":"https:\/\/czakosport.hu\/?page_id=102"},"modified":"2026-03-16T07:29:32","modified_gmt":"2026-03-16T07:29:32","slug":"rolunk","status":"publish","type":"page","link":"https:\/\/czakosport.hu\/?page_id=102","title":{"rendered":"R\u00f3lunk"},"content":{"rendered":"\t\t<div data-elementor-type=\"wp-page\" data-elementor-id=\"102\" class=\"elementor elementor-102\" data-elementor-post-type=\"page\">\n\t\t\t\t<div class=\"elementor-element elementor-element-244449f e-flex e-con-boxed e-con e-parent\" data-id=\"244449f\" data-element_type=\"container\" data-e-type=\"container\" data-settings=\"{&quot;background_background&quot;:&quot;classic&quot;}\">\n\t\t\t\t\t<div class=\"e-con-inner\">\n\t\t\t\t\t<\/div>\n\t\t\t\t<\/div>\n\t\t<div class=\"elementor-element elementor-element-ce939d5 e-flex e-con-boxed e-con e-parent\" data-id=\"ce939d5\" data-element_type=\"container\" data-e-type=\"container\" data-settings=\"{&quot;background_background&quot;:&quot;classic&quot;}\">\n\t\t\t\t\t<div class=\"e-con-inner\">\n\t\t<div class=\"elementor-element elementor-element-c4c7537 e-con-full e-flex e-con e-child\" data-id=\"c4c7537\" data-element_type=\"container\" data-e-type=\"container\">\n\t\t<div class=\"elementor-element elementor-element-6d4fa0d e-con-full e-flex e-con e-child\" data-id=\"6d4fa0d\" data-element_type=\"container\" data-e-type=\"container\">\n\t\t\t\t<div class=\"elementor-element elementor-element-0d8e2b1 elementor-widget elementor-widget-heading\" data-id=\"0d8e2b1\" data-element_type=\"widget\" data-e-type=\"widget\" data-widget_type=\"heading.default\">\n\t\t\t\t\t<h2 class=\"elementor-heading-title elementor-size-default\">A l\u00e9tes\u00edtm\u00e9nyr\u0151l <\/h2>\t\t\t\t<\/div>\n\t\t\t\t<div class=\"elementor-element elementor-element-2d8044c elementor-widget elementor-widget-text-editor\" data-id=\"2d8044c\" data-element_type=\"widget\" data-e-type=\"widget\" data-widget_type=\"text-editor.default\">\n\t\t\t\t\t\t\t\t\t<p>A Czak\u00f3 utcai Sport- \u00e9s Szabadid\u0151k\u00f6zpont Budapest I. ker\u00fclet\u00e9ben, egy k\u00f6zel 2 hekt\u00e1ros ter\u00fcleten m\u0171k\u00f6d\u0151, k\u00f6z\u00f6ss\u00e9gi c\u00e9lokat szolg\u00e1l\u00f3 sportl\u00e9tes\u00edtm\u00e9ny. Fenntart\u00f3ja a Budav\u00e1ri K\u00f6z\u00f6ss\u00e9gi Nonprofit Kft., fel\u00fcgyelet\u00e9t a Budapest I. ker\u00fclet Budav\u00e1ri \u00d6nkorm\u00e1nyzata l\u00e1tja el. A l\u00e9tes\u00edtm\u00e9ny az 1960-as \u00e9vekben, k\u00f6z\u00f6ss\u00e9gi \u00f6sszefog\u00e1ssal j\u00f6tt l\u00e9tre az itt \u00e9l\u0151k mozg\u00e1sig\u00e9nyeinek kiszolg\u00e1l\u00e1s\u00e1ra, jelenlegi form\u00e1j\u00e1ban 2000 \u00f3ta m\u0171k\u00f6dik.<\/p><p>Sportk\u00f6zpontunk c\u00e9lja, hogy kultur\u00e1lt, \u00e1tl\u00e1that\u00f3 \u00e9s ellen\u0151rz\u00f6tt k\u00f6rnyezetben biztos\u00edtson sportol\u00e1si \u00e9s szabadid\u0151s lehet\u0151s\u00e9geket l\u00e1togat\u00f3ink sz\u00e1m\u00e1ra. A recepci\u00f3n kereszt\u00fcl int\u00e9zhet\u0151 a bel\u00e9p\u00e9s, az alkalmi \u00e9s rendszeres p\u00e1lyafoglal\u00e1s, valamint a t\u00e1j\u00e9koztat\u00e1s az aktu\u00e1lis programokr\u00f3l \u00e9s szolg\u00e1ltat\u00e1sokr\u00f3l. L\u00e9tes\u00edtm\u00e9nyeink sportol\u00e1s, edz\u00e9sek \u00e9s rendezv\u00e9nyek c\u00e9lj\u00e1ra is b\u00e9relhet\u0151k, egyedi meg\u00e1llapod\u00e1s alapj\u00e1n.<\/p><p>Az int\u00e9zm\u00e9ny szakmai m\u0171k\u00f6d\u00e9s\u00e9nek alapelvei \u00f6sszhangban vannak a Budav\u00e1ri \u00d6nkorm\u00e1nyzat Sportkoncepci\u00f3j\u00e1val:<\/p><ul><li>\u201eA ker\u00fcletben \u00e9l\u0151k a rendszeres testedz\u00e9shez val\u00f3 jogukat min\u00e9l sz\u00e9lesebb k\u00f6rben gyakorolhass\u00e1k\u201d.<\/li><li>\u201eA testnevel\u00e9s \u00e9s a sport rendszer\u00e9t \u00fagy m\u0171k\u00f6dtess\u00fck, hogy \u00e9rt\u00e9kei a lakoss\u00e1g min\u00e9l sz\u00e9lesebb k\u00f6r\u00e9ben \u00e9rv\u00e9nyes\u00fcljenek, ezzel is hozz\u00e1j\u00e1rulva az I. ker\u00fclet lakoss\u00e1ga eg\u00e9szs\u00e9gi \u00e1llapot\u00e1nak meg\u0151rz\u00e9s\u00e9hez, illetve jav\u00edt\u00e1s\u00e1hoz\u201d.<\/li><li>\u201eA testnevel\u00e9s \u00e9s a sport r\u00e9szter\u00fcletei-\u00f3vodai, iskolai testnevel\u00e9s, a verseny-, illetve a lakoss\u00e1gi szabadid\u0151sport, a mozg\u00e1ss\u00e9r\u00fcltek sportja egym\u00e1ssal \u00f6sszef\u00fcgg\u0151, egym\u00e1ssal k\u00f6lcs\u00f6nhat\u00e1sban \u00e1ll\u00f3 eg\u00e9szet k\u00e9peznek\u201d.<\/li><\/ul>\t\t\t\t\t\t\t\t<\/div>\n\t\t\t\t<\/div>\n\t\t\t\t<div class=\"elementor-element elementor-element-d43a347 elementor-widget elementor-widget-image\" data-id=\"d43a347\" data-element_type=\"widget\" data-e-type=\"widget\" data-widget_type=\"image.default\">\n\t\t\t\t\t\t\t\t\t\t\t\t\t\t\t<img fetchpriority=\"high\" decoding=\"async\" width=\"499\" height=\"499\" src=\"https:\/\/czakosport.hu\/wp-content\/uploads\/2026\/03\/Eszkoz-1.png\" class=\"attachment-large size-large wp-image-287\" alt=\"\" srcset=\"https:\/\/czakosport.hu\/wp-content\/uploads\/2026\/03\/Eszkoz-1.png 499w, https:\/\/czakosport.hu\/wp-content\/uploads\/2026\/03\/Eszkoz-1-300x300.png 300w, https:\/\/czakosport.hu\/wp-content\/uploads\/2026\/03\/Eszkoz-1-150x150.png 150w\" sizes=\"(max-width: 499px) 100vw, 499px\" \/>\t\t\t\t\t\t\t\t\t\t\t\t\t\t\t<\/div>\n\t\t\t\t<\/div>\n\t\t<div class=\"elementor-element elementor-element-69d5784 e-con-full e-flex e-con e-child\" data-id=\"69d5784\" data-element_type=\"container\" data-e-type=\"container\">\n\t\t<div class=\"elementor-element elementor-element-73781b6 e-con-full e-flex e-con e-child\" data-id=\"73781b6\" data-element_type=\"container\" data-e-type=\"container\">\n\t\t\t\t<div class=\"elementor-element elementor-element-35b4846 elementor-widget elementor-widget-heading\" data-id=\"35b4846\" data-element_type=\"widget\" data-e-type=\"widget\" data-widget_type=\"heading.default\">\n\t\t\t\t\t<h2 class=\"elementor-heading-title elementor-size-default\">Tudnival\u00f3k<\/h2>\t\t\t\t<\/div>\n\t\t\t\t<div class=\"elementor-element elementor-element-d3d8c41 elementor-widget elementor-widget-text-editor\" data-id=\"d3d8c41\" data-element_type=\"widget\" data-e-type=\"widget\" data-widget_type=\"text-editor.default\">\n\t\t\t\t\t\t\t\t\t<ul><li>A bel\u00e9p\u00e9s \u00e9s a szolg\u00e1ltat\u00e1sok ig\u00e9nybev\u00e9tele regisztr\u00e1ci\u00f3hoz k\u00f6t\u00f6tt.<\/li><li>Els\u0151 alkalommal szem\u00e9lyazonos\u00edt\u00f3 okm\u00e1nyok bemutat\u00e1sa sz\u00fcks\u00e9ges.<\/li><li>A bel\u00e9p\u00e9ssel a l\u00e1togat\u00f3k elfogadj\u00e1k a H\u00e1zirendet.<\/li><li>Az adatkezel\u00e9s GDPR-kompatibilis.<\/li><li>P\u00e1lyafoglal\u00e1s a recepci\u00f3n int\u00e9zhet\u0151. Lemond\u00e1s legal\u00e1bb 24 \u00f3r\u00e1val kor\u00e1bban, \u00edr\u00e1sban.<\/li><li>Az I. ker\u00fcleti kedvezm\u00e9ny regisztr\u00e1ci\u00f3hoz k\u00f6t\u00f6tt.<\/li><li>A bel\u00e9p\u00e9s minden esetben ellen\u0151rz\u00f6tt m\u00f3don t\u00f6rt\u00e9nik.<\/li><li>Rendszeres haszn\u00e1lat, edz\u00e9sek \u00e9s rendezv\u00e9nyek el\u0151zetes enged\u00e9lyhez \u00e9s szerz\u0151d\u00e9shez k\u00f6t\u00f6ttek.<\/li><li>A Sportk\u00f6zpontban k\u00e9szp\u00e9nzes fizet\u00e9sre nincs lehet\u0151s\u00e9g.<\/li><\/ul>\t\t\t\t\t\t\t\t<\/div>\n\t\t\t\t<\/div>\n\t\t\t\t<div class=\"elementor-element elementor-element-569fa2d elementor-widget elementor-widget-image\" data-id=\"569fa2d\" data-element_type=\"widget\" data-e-type=\"widget\" data-widget_type=\"image.default\">\n\t\t\t\t\t\t\t\t\t\t\t\t\t\t\t<img decoding=\"async\" width=\"499\" height=\"499\" src=\"https:\/\/czakosport.hu\/wp-content\/uploads\/2026\/03\/Eszkoz-2.png\" class=\"attachment-large size-large wp-image-288\" alt=\"\" srcset=\"https:\/\/czakosport.hu\/wp-content\/uploads\/2026\/03\/Eszkoz-2.png 499w, https:\/\/czakosport.hu\/wp-content\/uploads\/2026\/03\/Eszkoz-2-300x300.png 300w, https:\/\/czakosport.hu\/wp-content\/uploads\/2026\/03\/Eszkoz-2-150x150.png 150w\" sizes=\"(max-width: 499px) 100vw, 499px\" \/>\t\t\t\t\t\t\t\t\t\t\t\t\t\t\t<\/div>\n\t\t\t\t<\/div>\n\t\t\t\t\t<\/div>\n\t\t\t\t<\/div>\n\t\t<div class=\"elementor-element elementor-element-f38650a e-flex e-con-boxed e-con e-parent\" data-id=\"f38650a\" data-element_type=\"container\" data-e-type=\"container\" data-settings=\"{&quot;background_background&quot;:&quot;classic&quot;}\">\n\t\t\t\t\t<div class=\"e-con-inner\">\n\t\t<div class=\"elementor-element elementor-element-5404224 e-con-full e-flex e-con e-child\" data-id=\"5404224\" data-element_type=\"container\" data-e-type=\"container\">\n\t\t<div class=\"elementor-element elementor-element-aa533d8 e-con-full e-flex e-con e-child\" data-id=\"aa533d8\" data-element_type=\"container\" data-e-type=\"container\">\n\t\t\t\t<div class=\"elementor-element elementor-element-4708b75 elementor-widget elementor-widget-heading\" data-id=\"4708b75\" data-element_type=\"widget\" data-e-type=\"widget\" data-widget_type=\"heading.default\">\n\t\t\t\t\t<h2 class=\"elementor-heading-title elementor-size-default\">Feladataink<\/h2>\t\t\t\t<\/div>\n\t\t\t\t<div class=\"elementor-element elementor-element-9e6335d elementor-widget elementor-widget-text-editor\" data-id=\"9e6335d\" data-element_type=\"widget\" data-e-type=\"widget\" data-widget_type=\"text-editor.default\">\n\t\t\t\t\t\t\t\t\t<ul><li>A ker\u00fcleti di\u00e1ksport \u00e9s di\u00e1kolimpiai versenyek el\u0151k\u00e9sz\u00edt\u00e9se, lebonyol\u00edt\u00e1sa.<\/li><li>A ker\u00fclet oktat\u00e1si int\u00e9zm\u00e9nyeiben tanul\u00f3 di\u00e1kok testnevel\u00e9s tan\u00f3rai tev\u00e9kenys\u00e9g\u00e9hez sz\u00fcks\u00e9ges felt\u00e9telek biztos\u00edt\u00e1sa.<\/li><li>\u00d3vod\u00e1sok sportprogramjainak t\u00e1mogat\u00e1sa, seg\u00edt\u00e9se.<\/li><li>A lakoss\u00e1g sz\u00e1m\u00e1ra rendszeres szabadid\u0151s foglalkoz\u00e1sok biztos\u00edt\u00e1sa, a felmer\u00fcl\u0151 ig\u00e9nyek lehet\u0151 legteljesebb kiszolg\u00e1l\u00e1sa- j\u00f3ga, nordicwalking, zs\u00edr\u00e9get\u0151 tr\u00e9ning, szenior eg\u00e9szs\u00e9gmeg\u0151rz\u0151 torna, senior asztalitenisz ovis foci, csal\u00e1di d\u00e9lut\u00e1nok.<\/li><li>A ker\u00fcleti ny\u00e1ri napk\u00f6zis t\u00e1bor m\u0171k\u00f6d\u00e9s\u00e9nek seg\u00edt\u00e9se a sportp\u00e1ly\u00e1k haszn\u00e1lat\u00e1nak biztos\u00edt\u00e1s\u00e1val.<\/li><li>A Sportk\u00f6zpont rendezv\u00e9nyeinek el\u0151k\u00e9sz\u00edt\u00e9se, lebonyol\u00edt\u00e1sa, valamint az \u00d6nkorm\u00e1nyzat \u00e9s int\u00e9zm\u00e9nyei \u00e1ltal szervezett rendezv\u00e9nyek el\u0151k\u00e9sz\u00edt\u00e9s\u00e9ben \u00e9s lebonyol\u00edt\u00e1s\u00e1ban val\u00f3 r\u00e9szv\u00e9tel \u2013 Tavaszk\u00f6sz\u00f6nt\u0151 Sportnap, Gener\u00e1ci\u00f3s Csal\u00e1di \u00e9s Sportnap, Ny\u00e1rb\u00facs\u00faztat\u00f3 B\u00e1l, Egyh\u00e1zi Futball Torna, Rendv\u00e9delmi Sportnap, Kih\u00edv\u00e1s Napja, \u00d6nkorm\u00e1nyzati napok, iskolai sportnapok, stb.<\/li><li>Az Oxygen Wellness \u00e1ltal a t\u00e9li id\u0151szakban \u00fczemeltetett m\u0171j\u00e9gp\u00e1lya iskolai tan\u00f3r\u00e1kon \u00e9s \u00f3vodai foglalkoz\u00e1sokon val\u00f3 haszn\u00e1lat\u00e1nak koordin\u00e1l\u00e1sa.<\/li><li>A Sport-\u00e9s Szabadid\u0151k\u00f6zpont l\u00e9tes\u00edtm\u00e9nyeinek b\u00e9rbe ad\u00e1sa \u2013 teniszp\u00e1ly\u00e1k, m\u0171f\u00fcves \u00e9s f\u00fcves futballp\u00e1lya, atl\u00e9tikap\u00e1lya, k\u00f6z\u00f6ss\u00e9gi terem.<\/li><\/ul>\t\t\t\t\t\t\t\t<\/div>\n\t\t\t\t<\/div>\n\t\t\t\t<div class=\"elementor-element elementor-element-815829a elementor-widget elementor-widget-image\" data-id=\"815829a\" data-element_type=\"widget\" data-e-type=\"widget\" data-widget_type=\"image.default\">\n\t\t\t\t\t\t\t\t\t\t\t\t\t\t\t<img decoding=\"async\" width=\"499\" height=\"499\" src=\"https:\/\/czakosport.hu\/wp-content\/uploads\/2026\/03\/Eszkoz-3.png\" class=\"attachment-large size-large wp-image-289\" alt=\"\" srcset=\"https:\/\/czakosport.hu\/wp-content\/uploads\/2026\/03\/Eszkoz-3.png 499w, https:\/\/czakosport.hu\/wp-content\/uploads\/2026\/03\/Eszkoz-3-300x300.png 300w, https:\/\/czakosport.hu\/wp-content\/uploads\/2026\/03\/Eszkoz-3-150x150.png 150w\" sizes=\"(max-width: 499px) 100vw, 499px\" \/>\t\t\t\t\t\t\t\t\t\t\t\t\t\t\t<\/div>\n\t\t\t\t<\/div>\n\t\t\t\t\t<\/div>\n\t\t\t\t<\/div>\n\t\t\t\t<\/div>\n\t\t","protected":false},"excerpt":{"rendered":"<p>A l\u00e9tes\u00edtm\u00e9nyr\u0151l A Czak\u00f3 utcai Sport- \u00e9s Szabadid\u0151k\u00f6zpont Budapest I. ker\u00fclet\u00e9ben, egy k\u00f6zel 2 hekt\u00e1ros ter\u00fcleten m\u0171k\u00f6d\u0151, k\u00f6z\u00f6ss\u00e9gi c\u00e9lokat szolg\u00e1l\u00f3 sportl\u00e9tes\u00edtm\u00e9ny. Fenntart\u00f3ja a Budav\u00e1ri K\u00f6z\u00f6ss\u00e9gi Nonprofit Kft., fel\u00fcgyelet\u00e9t a Budapest I. ker\u00fclet Budav\u00e1ri \u00d6nkorm\u00e1nyzata l\u00e1tja el. A l\u00e9tes\u00edtm\u00e9ny az 1960-as \u00e9vekben, k\u00f6z\u00f6ss\u00e9gi \u00f6sszefog\u00e1ssal j\u00f6tt l\u00e9tre az itt \u00e9l\u0151k mozg\u00e1sig\u00e9nyeinek kiszolg\u00e1l\u00e1s\u00e1ra, jelenlegi form\u00e1j\u00e1ban 2000 \u00f3ta m\u0171k\u00f6dik. [&hellip;]<\/p>\n","protected":false},"author":1,"featured_media":0,"parent":0,"menu_order":0,"comment_status":"closed","ping_status":"closed","template":"elementor_header_footer","meta":{"footnotes":""},"class_list":["post-102","page","type-page","status-publish","hentry"],"_links":{"self":[{"href":"https:\/\/czakosport.hu\/index.php?rest_route=\/wp\/v2\/pages\/102","targetHints":{"allow":["GET"]}}],"collection":[{"href":"https:\/\/czakosport.hu\/index.php?rest_route=\/wp\/v2\/pages"}],"about":[{"href":"https:\/\/czakosport.hu\/index.php?rest_route=\/wp\/v2\/types\/page"}],"author":[{"embeddable":true,"href":"https:\/\/czakosport.hu\/index.php?rest_route=\/wp\/v2\/users\/1"}],"replies":[{"embeddable":true,"href":"https:\/\/czakosport.hu\/index.php?rest_route=%2Fwp%2Fv2%2Fcomments&post=102"}],"version-history":[{"count":52,"href":"https:\/\/czakosport.hu\/index.php?rest_route=\/wp\/v2\/pages\/102\/revisions"}],"predecessor-version":[{"id":375,"href":"https:\/\/czakosport.hu\/index.php?rest_route=\/wp\/v2\/pages\/102\/revisions\/375"}],"wp:attachment":[{"href":"https:\/\/czakosport.hu\/index.php?rest_route=%2Fwp%2Fv2%2Fmedia&parent=102"}],"curies":[{"name":"wp","href":"https:\/\/api.w.org\/{rel}","templated":true}]}}