{"id":100,"date":"2026-02-26T08:25:36","date_gmt":"2026-02-26T08:25:36","guid":{"rendered":"https:\/\/czakosport.hu\/?page_id=100"},"modified":"2026-03-16T07:31:38","modified_gmt":"2026-03-16T07:31:38","slug":"megkozelites","status":"publish","type":"page","link":"https:\/\/czakosport.hu\/?page_id=100","title":{"rendered":"Megk\u00f6zel\u00edt\u00e9s"},"content":{"rendered":"\t\t<div data-elementor-type=\"wp-page\" data-elementor-id=\"100\" class=\"elementor elementor-100\" data-elementor-post-type=\"page\">\n\t\t\t\t<div class=\"elementor-element elementor-element-51df4ea e-flex e-con-boxed e-con e-parent\" data-id=\"51df4ea\" data-element_type=\"container\" data-e-type=\"container\" data-settings=\"{&quot;background_background&quot;:&quot;classic&quot;}\">\n\t\t\t\t\t<div class=\"e-con-inner\">\n\t\t\t\t\t<\/div>\n\t\t\t\t<\/div>\n\t\t<div class=\"elementor-element elementor-element-849374f e-flex e-con-boxed e-con e-parent\" data-id=\"849374f\" data-element_type=\"container\" data-e-type=\"container\" data-settings=\"{&quot;background_background&quot;:&quot;classic&quot;}\">\n\t\t\t\t\t<div class=\"e-con-inner\">\n\t\t<div class=\"elementor-element elementor-element-3de22f3 e-con-full e-flex e-con e-child\" data-id=\"3de22f3\" data-element_type=\"container\" data-e-type=\"container\">\n\t\t\t\t<div class=\"elementor-element elementor-element-220cd73 elementor-widget elementor-widget-heading\" data-id=\"220cd73\" data-element_type=\"widget\" data-e-type=\"widget\" data-widget_type=\"heading.default\">\n\t\t\t\t\t<h2 class=\"elementor-heading-title elementor-size-default\">T\u00f6megk\u00f6zleked\u00e9ssel<\/h2>\t\t\t\t<\/div>\n\t\t\t\t<div class=\"elementor-element elementor-element-ec8d3cc elementor-widget elementor-widget-text-editor\" data-id=\"ec8d3cc\" data-element_type=\"widget\" data-e-type=\"widget\" data-widget_type=\"text-editor.default\">\n\t\t\t\t\t\t\t\t\t<p>A sportk\u00f6zpont k\u00f6rny\u00e9k\u00e9n t\u00f6bb busz- \u00e9s villamosj\u00e1rat meg\u00e1ll\u00f3ja tal\u00e1lhat\u00f3, amelyekkel egyszer\u0171en el\u00e9rhet\u0151 a k\u00f6zpont. (Pl. busz\/villamos meg\u00e1ll\u00f3k k\u00f6zeli t\u00e1vols\u00e1ga a sportl\u00e9tes\u00edtm\u00e9nyt\u0151l).<\/p>\t\t\t\t\t\t\t\t<\/div>\n\t\t\t\t<div class=\"elementor-element elementor-element-59abf54 elementor-widget elementor-widget-heading\" data-id=\"59abf54\" data-element_type=\"widget\" data-e-type=\"widget\" data-widget_type=\"heading.default\">\n\t\t\t\t\t<h2 class=\"elementor-heading-title elementor-size-default\">Gyalogosan<br \/>\n\u00e9s ker\u00e9kp\u00e1rral<\/h2>\t\t\t\t<\/div>\n\t\t\t\t<div class=\"elementor-element elementor-element-70df1fa elementor-widget elementor-widget-text-editor\" data-id=\"70df1fa\" data-element_type=\"widget\" data-e-type=\"widget\" data-widget_type=\"text-editor.default\">\n\t\t\t\t\t\t\t\t\t<p>A k\u00f6zpont a gyalogos \u00e9s ker\u00e9kp\u00e1ros forgalom sz\u00e1m\u00e1ra is j\u00f3l kapcsol\u00f3dik a k\u00f6rnyez\u0151 utc\u00e1khoz, ak\u00e1r r\u00f6videbb s\u00e9t\u00e1val vagy ker\u00e9kp\u00e1rral is gyorsan el\u00e9rhet\u0151.<\/p>\t\t\t\t\t\t\t\t<\/div>\n\t\t\t\t<div class=\"elementor-element elementor-element-8f70353 elementor-widget elementor-widget-heading\" data-id=\"8f70353\" data-element_type=\"widget\" data-e-type=\"widget\" data-widget_type=\"heading.default\">\n\t\t\t\t\t<h2 class=\"elementor-heading-title elementor-size-default\">Aut\u00f3val<\/h2>\t\t\t\t<\/div>\n\t\t\t\t<div class=\"elementor-element elementor-element-2d25ef9 elementor-widget elementor-widget-text-editor\" data-id=\"2d25ef9\" data-element_type=\"widget\" data-e-type=\"widget\" data-widget_type=\"text-editor.default\">\n\t\t\t\t\t\t\t\t\t<p>A l\u00e9tes\u00edtm\u00e9ny k\u00f6rnyezet\u00e9ben korl\u00e1tozott sz\u00e1m\u00fa parkol\u00e1si lehet\u0151s\u00e9g biztos\u00edtott, valamint a k\u00f6zeli v\u00e1rakoz\u00f3 z\u00f3n\u00e1k ig\u00e9nybev\u00e9tele is lehets\u00e9ges az \u00e9rv\u00e9nyes szab\u00e1lyok szerint.<\/p>\t\t\t\t\t\t\t\t<\/div>\n\t\t\t\t<\/div>\n\t\t<div class=\"elementor-element elementor-element-f921cc7 e-con-full e-flex e-con e-child\" data-id=\"f921cc7\" data-element_type=\"container\" data-e-type=\"container\">\n\t\t\t\t<div class=\"elementor-element elementor-element-ce85117 elementor-widget elementor-widget-google_maps\" data-id=\"ce85117\" data-element_type=\"widget\" data-e-type=\"widget\" data-widget_type=\"google_maps.default\">\n\t\t\t\t\t\t\t<div class=\"elementor-custom-embed\">\n\t\t\t<iframe loading=\"lazy\"\n\t\t\t\t\tsrc=\"https:\/\/maps.google.com\/maps?q=czak%C3%B3%20utcai%20sport%20%C3%A9s%20Szabadid%C5%91k%C3%B6zpont&#038;t=m&#038;z=14&#038;output=embed&#038;iwloc=near\"\n\t\t\t\t\ttitle=\"czak\u00f3 utcai sport \u00e9s Szabadid\u0151k\u00f6zpont\"\n\t\t\t\t\taria-label=\"czak\u00f3 utcai sport \u00e9s Szabadid\u0151k\u00f6zpont\"\n\t\t\t><\/iframe>\n\t\t<\/div>\n\t\t\t\t\t\t<\/div>\n\t\t\t\t<\/div>\n\t\t\t\t\t<\/div>\n\t\t\t\t<\/div>\n\t\t\t\t<\/div>\n\t\t","protected":false},"excerpt":{"rendered":"<p>T\u00f6megk\u00f6zleked\u00e9ssel A sportk\u00f6zpont k\u00f6rny\u00e9k\u00e9n t\u00f6bb busz- \u00e9s villamosj\u00e1rat meg\u00e1ll\u00f3ja tal\u00e1lhat\u00f3, amelyekkel egyszer\u0171en el\u00e9rhet\u0151 a k\u00f6zpont. (Pl. busz\/villamos meg\u00e1ll\u00f3k k\u00f6zeli t\u00e1vols\u00e1ga a sportl\u00e9tes\u00edtm\u00e9nyt\u0151l). Gyalogosan \u00e9s ker\u00e9kp\u00e1rral A k\u00f6zpont a gyalogos \u00e9s ker\u00e9kp\u00e1ros forgalom sz\u00e1m\u00e1ra is j\u00f3l kapcsol\u00f3dik a k\u00f6rnyez\u0151 utc\u00e1khoz, ak\u00e1r r\u00f6videbb s\u00e9t\u00e1val vagy ker\u00e9kp\u00e1rral is gyorsan el\u00e9rhet\u0151. Aut\u00f3val A l\u00e9tes\u00edtm\u00e9ny k\u00f6rnyezet\u00e9ben korl\u00e1tozott sz\u00e1m\u00fa parkol\u00e1si lehet\u0151s\u00e9g [&hellip;]<\/p>\n","protected":false},"author":1,"featured_media":0,"parent":0,"menu_order":0,"comment_status":"closed","ping_status":"closed","template":"elementor_header_footer","meta":{"footnotes":""},"class_list":["post-100","page","type-page","status-publish","hentry"],"_links":{"self":[{"href":"https:\/\/czakosport.hu\/index.php?rest_route=\/wp\/v2\/pages\/100","targetHints":{"allow":["GET"]}}],"collection":[{"href":"https:\/\/czakosport.hu\/index.php?rest_route=\/wp\/v2\/pages"}],"about":[{"href":"https:\/\/czakosport.hu\/index.php?rest_route=\/wp\/v2\/types\/page"}],"author":[{"embeddable":true,"href":"https:\/\/czakosport.hu\/index.php?rest_route=\/wp\/v2\/users\/1"}],"replies":[{"embeddable":true,"href":"https:\/\/czakosport.hu\/index.php?rest_route=%2Fwp%2Fv2%2Fcomments&post=100"}],"version-history":[{"count":22,"href":"https:\/\/czakosport.hu\/index.php?rest_route=\/wp\/v2\/pages\/100\/revisions"}],"predecessor-version":[{"id":381,"href":"https:\/\/czakosport.hu\/index.php?rest_route=\/wp\/v2\/pages\/100\/revisions\/381"}],"wp:attachment":[{"href":"https:\/\/czakosport.hu\/index.php?rest_route=%2Fwp%2Fv2%2Fmedia&parent=100"}],"curies":[{"name":"wp","href":"https:\/\/api.w.org\/{rel}","templated":true}]}}